{"id":829,"date":"2024-10-14T23:52:45","date_gmt":"2024-10-14T23:52:45","guid":{"rendered":"https:\/\/siam.dba.ma\/siam25\/?post_type=product&#038;p=829"},"modified":"2026-04-11T17:03:55","modified_gmt":"2026-04-11T16:03:55","slug":"catalogue-exposant-edition-2024","status":"publish","type":"product","link":"https:\/\/www.salon-agriculture.ma\/en\/product\/catalogue-exposant-edition-2024\/","title":{"rendered":"Exhibitor Catalogue \u2013 2024 Edition"},"content":{"rendered":"<p>D\u00e9couvrez le catalogue num\u00e9rique des exposants de la 16\u00e8me \u00e9dition du Salon International de l&rsquo;Agriculture au Maroc (SIAM) 2024. Ce catalogue vous permet d&rsquo;explorer en d\u00e9tail les entreprises participantes, leurs produits et services. Acc\u00e9dez facilement aux informations essentielles sur les exposants.<\/p>","protected":false},"excerpt":{"rendered":"<p>The SIAM 2024 digital catalogue gives you access to the full list of exhibitors from the 16th edition, including detailed information about each company.<\/p>","protected":false},"featured_media":830,"template":"","meta":{"inline_featured_image":false,"_price":"100","_stock":null,"_tribe_ticket_header":"","_tribe_default_ticket_provider":"","_tribe_ticket_capacity":"5","_ticket_start_date":"","_ticket_end_date":"","_tribe_ticket_show_description":"","_tribe_ticket_show_not_going":false,"_tribe_ticket_use_global_stock":"","_tribe_ticket_global_stock_level":"","_global_stock_mode":"","_global_stock_cap":"","_tribe_rsvp_for_event":"","_tribe_ticket_going_count":"","_tribe_ticket_not_going_count":"","_tribe_tickets_list":"[]","_tribe_ticket_has_attendee_info_fields":false,"_tec_slr_enabled":"","_tec_slr_layout":""},"product_brand":[],"product_cat":[28],"product_tag":[33,32,31,30,34],"class_list":{"0":"post-829","1":"product","2":"type-product","3":"status-publish","4":"has-post-thumbnail","6":"product_cat-catalogues","7":"product_tag-catalogue-exposant","8":"product_tag-catalogue-exposant-siam","9":"product_tag-catalogue-officiel-siam","10":"product_tag-catalogue-siam","11":"product_tag-catalogue-siam-2024","13":"first","14":"instock","15":"sale","16":"downloadable","17":"shipping-taxable","18":"purchasable","19":"product-type-simple"},"aioseo_notices":[],"jetpack_sharing_enabled":true,"_links":{"self":[{"href":"https:\/\/www.salon-agriculture.ma\/en\/wp-json\/wp\/v2\/product\/829","targetHints":{"allow":["GET"]}}],"collection":[{"href":"https:\/\/www.salon-agriculture.ma\/en\/wp-json\/wp\/v2\/product"}],"about":[{"href":"https:\/\/www.salon-agriculture.ma\/en\/wp-json\/wp\/v2\/types\/product"}],"wp:featuredmedia":[{"embeddable":true,"href":"https:\/\/www.salon-agriculture.ma\/en\/wp-json\/wp\/v2\/media\/830"}],"wp:attachment":[{"href":"https:\/\/www.salon-agriculture.ma\/en\/wp-json\/wp\/v2\/media?parent=829"}],"wp:term":[{"taxonomy":"product_brand","embeddable":true,"href":"https:\/\/www.salon-agriculture.ma\/en\/wp-json\/wp\/v2\/product_brand?post=829"},{"taxonomy":"product_cat","embeddable":true,"href":"https:\/\/www.salon-agriculture.ma\/en\/wp-json\/wp\/v2\/product_cat?post=829"},{"taxonomy":"product_tag","embeddable":true,"href":"https:\/\/www.salon-agriculture.ma\/en\/wp-json\/wp\/v2\/product_tag?post=829"}],"curies":[{"name":"wp","href":"https:\/\/api.w.org\/{rel}","templated":true}]}}