{"id":26654,"date":"2026-04-25T14:12:48","date_gmt":"2026-04-25T13:12:48","guid":{"rendered":"https:\/\/www.salon-agriculture.ma\/?post_type=product&#038;p=26654"},"modified":"2026-04-25T14:23:48","modified_gmt":"2026-04-25T13:23:48","slug":"catalogue-exposant-edition-2026","status":"publish","type":"product","link":"https:\/\/www.salon-agriculture.ma\/en\/product\/catalogue-exposant-edition-2026\/","title":{"rendered":"Catalogue Exposant \u00c9dition 2026"},"content":{"rendered":"<p>D\u00e9couvrez le catalogue des exposants de la 18\u1d49 \u00e9dition du <strong>SIAM<\/strong>, plac\u00e9e sous le th\u00e8me \u00ab<strong>Durabilit\u00e9 de la production animale et souverainet\u00e9\u00a0alimentaire<\/strong>\u00bb. Retrouvez les entreprises et institutions engag\u00e9es pour une agriculture durable et innovante<\/p>","protected":false},"excerpt":{"rendered":"<p>D\u00e9couvrez le catalogue des exposants de la 18\u1d49 \u00e9dition du SIAM, plac\u00e9e sous le th\u00e8me \u00abDurabilit\u00e9 de la production animale et souverainet\u00e9\u00a0alimentaire\u00bb. Retrouvez les entreprises et institutions engag\u00e9es pour une [&hellip;]<\/p>\n","protected":false},"featured_media":26706,"template":"","meta":{"inline_featured_image":false,"_price":"300","_stock":"","_tribe_ticket_header":"","_tribe_default_ticket_provider":"","_tribe_ticket_capacity":"0","_ticket_start_date":"","_ticket_end_date":"","_tribe_ticket_show_description":"","_tribe_ticket_show_not_going":false,"_tribe_ticket_use_global_stock":"","_tribe_ticket_global_stock_level":"","_global_stock_mode":"","_global_stock_cap":"","_tribe_rsvp_for_event":"","_tribe_ticket_going_count":"","_tribe_ticket_not_going_count":"","_tribe_tickets_list":"[]","_tribe_ticket_has_attendee_info_fields":false,"_tec_slr_enabled":"","_tec_slr_layout":""},"product_brand":[],"product_cat":[28],"product_tag":[],"class_list":{"0":"post-26654","1":"product","2":"type-product","3":"status-publish","4":"has-post-thumbnail","6":"product_cat-catalogues","8":"first","9":"instock","10":"downloadable","11":"shipping-taxable","12":"purchasable","13":"product-type-simple"},"aioseo_notices":[],"jetpack_sharing_enabled":true,"_links":{"self":[{"href":"https:\/\/www.salon-agriculture.ma\/en\/wp-json\/wp\/v2\/product\/26654","targetHints":{"allow":["GET"]}}],"collection":[{"href":"https:\/\/www.salon-agriculture.ma\/en\/wp-json\/wp\/v2\/product"}],"about":[{"href":"https:\/\/www.salon-agriculture.ma\/en\/wp-json\/wp\/v2\/types\/product"}],"wp:featuredmedia":[{"embeddable":true,"href":"https:\/\/www.salon-agriculture.ma\/en\/wp-json\/wp\/v2\/media\/26706"}],"wp:attachment":[{"href":"https:\/\/www.salon-agriculture.ma\/en\/wp-json\/wp\/v2\/media?parent=26654"}],"wp:term":[{"taxonomy":"product_brand","embeddable":true,"href":"https:\/\/www.salon-agriculture.ma\/en\/wp-json\/wp\/v2\/product_brand?post=26654"},{"taxonomy":"product_cat","embeddable":true,"href":"https:\/\/www.salon-agriculture.ma\/en\/wp-json\/wp\/v2\/product_cat?post=26654"},{"taxonomy":"product_tag","embeddable":true,"href":"https:\/\/www.salon-agriculture.ma\/en\/wp-json\/wp\/v2\/product_tag?post=26654"}],"curies":[{"name":"wp","href":"https:\/\/api.w.org\/{rel}","templated":true}]}}