{"id":18335,"date":"2026-04-18T14:22:29","date_gmt":"2026-04-18T13:22:29","guid":{"rendered":"https:\/\/www.salon-agriculture.ma\/?post_type=product&#038;p=18335"},"modified":"2026-04-18T18:41:02","modified_gmt":"2026-04-18T17:41:02","slug":"badge-business-pro","status":"publish","type":"product","link":"https:\/\/www.salon-agriculture.ma\/en\/product\/badge-business-pro\/","title":{"rendered":"Badge Business Pro"},"content":{"rendered":"<p data-start=\"28\" data-end=\"228\">Le <strong>Badge Business Pro<\/strong> est destin\u00e9 aux professionnels et d\u00e9cideurs souhaitant b\u00e9n\u00e9ficier d\u2019un acc\u00e8s \u00e9tendu et de conditions optimales durant le salon, avec une exp\u00e9rience fluide et orient\u00e9e networking.<\/p>\n<p data-start=\"230\" data-end=\"348\">Ce badge offre des services facilitant vos d\u00e9placements, vos rencontres et vos opportunit\u00e9s d\u2019\u00e9changes professionnels.<\/p>\n<p data-start=\"350\" data-end=\"374\"><strong data-start=\"350\" data-end=\"372\">Avantages inclus :<\/strong><\/p>\n<ul data-start=\"375\" data-end=\"663\">\n<li data-section-id=\"1ezaor1\" data-start=\"375\" data-end=\"409\">Acc\u00e8s aux espaces VIP du salon<\/li>\n<li data-section-id=\"1ezaor1\" data-start=\"375\" data-end=\"409\">Macaron v\u00e9hicule (acc\u00e8s au parking VIP)<\/li>\n<li data-section-id=\"1ihdijw\" data-start=\"410\" data-end=\"446\">Acc\u00e8s aux espaces de conf\u00e9rences<\/li>\n<li data-section-id=\"350977\" data-start=\"447\" data-end=\"497\">Acc\u00e8s autoris\u00e9 apr\u00e8s l\u2019inauguration officielle<\/li>\n<li data-section-id=\"501oaq\" data-start=\"498\" data-end=\"552\">Entr\u00e9es illimit\u00e9es pendant toute la dur\u00e9e du salon<\/li>\n<li data-section-id=\"1s0kyz6\" data-start=\"553\" data-end=\"609\">Badge nominatif avec QR Code pour un contr\u00f4le rapide<\/li>\n<li data-section-id=\"h8tztf\" data-start=\"610\" data-end=\"663\">Carte de visite digitale facilitant le networking<\/li>\n<\/ul>","protected":false},"excerpt":{"rendered":"<p>Acc\u00e8s premium au salon avec privil\u00e8ges exclusifs, Macaron de voiture parking VIP.<\/p>\n<p data-start=\"954\" data-end=\"993\"><strong data-start=\"954\" data-end=\"993\">Avantages exclusifs Business Pro:<\/strong><\/p>\n<ul data-start=\"995\" data-end=\"1228\">\n<li data-section-id=\"cljgf7\" data-start=\"995\" data-end=\"1022\">\ud83c\udfab <strong data-start=\"1000\" data-end=\"1020\">Macaron v\u00e9hicule<\/strong><\/li>\n<li data-section-id=\"iao1yj\" data-start=\"1023\" data-end=\"1054\">\ud83d\ude97 <strong data-start=\"1028\" data-end=\"1052\">Acc\u00e8s au parking VIP<\/strong><\/li>\n<li data-section-id=\"uzvgw3\" data-start=\"1055\" data-end=\"1228\">\ud83c\udf10 Acc\u00e8s au <strong data-start=\"1069\" data-end=\"1091\">espaces VIP<\/strong>\n<ul data-start=\"1096\" data-end=\"1228\">\n<li data-section-id=\"1adpv3l\" data-start=\"1174\" data-end=\"1196\">rencontres <strong data-start=\"1187\" data-end=\"1194\">B2B<\/strong><\/li>\n<\/ul>\n<\/li>\n<\/ul>","protected":false},"featured_media":18386,"template":"","meta":{"inline_featured_image":false,"_price":"2500","_stock":"","_tribe_ticket_header":"","_tribe_default_ticket_provider":"","_tribe_ticket_capacity":"","_ticket_start_date":"","_ticket_end_date":"","_tribe_ticket_show_description":"","_tribe_ticket_show_not_going":false,"_tribe_ticket_use_global_stock":"","_tribe_ticket_global_stock_level":"","_global_stock_mode":"","_global_stock_cap":"","_tribe_rsvp_for_event":"","_tribe_ticket_going_count":"","_tribe_ticket_not_going_count":"","_tribe_tickets_list":"[]","_tribe_ticket_has_attendee_info_fields":false,"_tec_slr_enabled":"","_tec_slr_layout":""},"product_brand":[],"product_cat":[56],"product_tag":[],"class_list":{"0":"post-18335","1":"product","2":"type-product","3":"status-publish","4":"has-post-thumbnail","6":"product_cat-badges","8":"first","9":"instock","10":"sold-individually","11":"purchasable","12":"product-type-variable","13":"has-default-attributes"},"aioseo_notices":[],"jetpack_sharing_enabled":true,"_links":{"self":[{"href":"https:\/\/www.salon-agriculture.ma\/en\/wp-json\/wp\/v2\/product\/18335","targetHints":{"allow":["GET"]}}],"collection":[{"href":"https:\/\/www.salon-agriculture.ma\/en\/wp-json\/wp\/v2\/product"}],"about":[{"href":"https:\/\/www.salon-agriculture.ma\/en\/wp-json\/wp\/v2\/types\/product"}],"wp:featuredmedia":[{"embeddable":true,"href":"https:\/\/www.salon-agriculture.ma\/en\/wp-json\/wp\/v2\/media\/18386"}],"wp:attachment":[{"href":"https:\/\/www.salon-agriculture.ma\/en\/wp-json\/wp\/v2\/media?parent=18335"}],"wp:term":[{"taxonomy":"product_brand","embeddable":true,"href":"https:\/\/www.salon-agriculture.ma\/en\/wp-json\/wp\/v2\/product_brand?post=18335"},{"taxonomy":"product_cat","embeddable":true,"href":"https:\/\/www.salon-agriculture.ma\/en\/wp-json\/wp\/v2\/product_cat?post=18335"},{"taxonomy":"product_tag","embeddable":true,"href":"https:\/\/www.salon-agriculture.ma\/en\/wp-json\/wp\/v2\/product_tag?post=18335"}],"curies":[{"name":"wp","href":"https:\/\/api.w.org\/{rel}","templated":true}]}}