{"id":16645,"date":"2026-03-23T02:37:28","date_gmt":"2026-03-23T01:37:28","guid":{"rendered":"https:\/\/www.salon-agriculture.ma\/?post_type=product&#038;p=16645"},"modified":"2026-04-18T17:43:50","modified_gmt":"2026-04-18T16:43:50","slug":"badge-business","status":"publish","type":"product","link":"https:\/\/www.salon-agriculture.ma\/en\/product\/badge-business\/","title":{"rendered":"Badge Business"},"content":{"rendered":"<p data-start=\"288\" data-end=\"423\">Le <strong data-start=\"291\" data-end=\"309\">Badge Business<\/strong> est con\u00e7u pour les professionnels souhaitant profiter pleinement de l\u2019\u00e9v\u00e9nement dans des conditions privil\u00e9gi\u00e9es.<\/p>\n<p data-start=\"425\" data-end=\"557\">Il offre un acc\u00e8s \u00e9tendu aux diff\u00e9rentes zones du salon ainsi que des avantages exclusifs facilitant vos \u00e9changes et votre mobilit\u00e9.<\/p>\n<p data-start=\"559\" data-end=\"581\"><strong data-start=\"559\" data-end=\"581\">Avantages inclus :<\/strong><\/p>\n<ul data-start=\"583\" data-end=\"902\">\n<li data-section-id=\"1pcyjza\" data-start=\"583\" data-end=\"628\">Acc\u00e8s \u00e0 <strong data-start=\"593\" data-end=\"626\">tous les espaces VIP du salon<\/strong><\/li>\n<li data-section-id=\"1ws25d8\" data-start=\"629\" data-end=\"669\">Acc\u00e8s aux <strong data-start=\"641\" data-end=\"667\">espaces de conf\u00e9rences<\/strong><\/li>\n<li data-section-id=\"1d3jp5f\" data-start=\"670\" data-end=\"724\">Acc\u00e8s autoris\u00e9 <strong data-start=\"687\" data-end=\"722\">apr\u00e8s l\u2019inauguration officielle<\/strong><\/li>\n<li data-section-id=\"1d4uybm\" data-start=\"725\" data-end=\"783\"><strong data-start=\"727\" data-end=\"749\">Entr\u00e9es illimit\u00e9es<\/strong> pendant toute la dur\u00e9e du salon<\/li>\n<li data-section-id=\"1r8uyhh\" data-start=\"784\" data-end=\"848\">Badge nominatif avec QR Code pour un contr\u00f4le d\u2019acc\u00e8s rapide et carte visite digitale<\/li>\n<li data-section-id=\"zw1u66\" data-start=\"849\" data-end=\"902\">Acc\u00e8s fluide et prioritaire aux diff\u00e9rentes zones<\/li>\n<\/ul>","protected":false},"excerpt":{"rendered":"<p>Acc\u00e8s complet au salon avec privil\u00e8ges VIP et acc\u00e8s illimit\u00e9 apr\u00e8s inauguration.<\/p>","protected":false},"featured_media":16647,"template":"","meta":{"inline_featured_image":false,"_price":"1000","_stock":"","_tribe_ticket_header":"","_tribe_default_ticket_provider":"","_tribe_ticket_capacity":"","_ticket_start_date":"","_ticket_end_date":"","_tribe_ticket_show_description":"","_tribe_ticket_show_not_going":false,"_tribe_ticket_use_global_stock":"","_tribe_ticket_global_stock_level":"","_global_stock_mode":"","_global_stock_cap":"","_tribe_rsvp_for_event":"","_tribe_ticket_going_count":"","_tribe_ticket_not_going_count":"","_tribe_tickets_list":"[]","_tribe_ticket_has_attendee_info_fields":false,"_tec_slr_enabled":"","_tec_slr_layout":""},"product_brand":[],"product_cat":[56],"product_tag":[],"class_list":{"0":"post-16645","1":"product","2":"type-product","3":"status-publish","4":"has-post-thumbnail","6":"product_cat-badges","8":"first","9":"instock","10":"purchasable","11":"product-type-variable"},"aioseo_notices":[],"jetpack_sharing_enabled":true,"_links":{"self":[{"href":"https:\/\/www.salon-agriculture.ma\/en\/wp-json\/wp\/v2\/product\/16645","targetHints":{"allow":["GET"]}}],"collection":[{"href":"https:\/\/www.salon-agriculture.ma\/en\/wp-json\/wp\/v2\/product"}],"about":[{"href":"https:\/\/www.salon-agriculture.ma\/en\/wp-json\/wp\/v2\/types\/product"}],"wp:featuredmedia":[{"embeddable":true,"href":"https:\/\/www.salon-agriculture.ma\/en\/wp-json\/wp\/v2\/media\/16647"}],"wp:attachment":[{"href":"https:\/\/www.salon-agriculture.ma\/en\/wp-json\/wp\/v2\/media?parent=16645"}],"wp:term":[{"taxonomy":"product_brand","embeddable":true,"href":"https:\/\/www.salon-agriculture.ma\/en\/wp-json\/wp\/v2\/product_brand?post=16645"},{"taxonomy":"product_cat","embeddable":true,"href":"https:\/\/www.salon-agriculture.ma\/en\/wp-json\/wp\/v2\/product_cat?post=16645"},{"taxonomy":"product_tag","embeddable":true,"href":"https:\/\/www.salon-agriculture.ma\/en\/wp-json\/wp\/v2\/product_tag?post=16645"}],"curies":[{"name":"wp","href":"https:\/\/api.w.org\/{rel}","templated":true}]}}