{"id":727,"date":"2024-10-13T18:53:16","date_gmt":"2024-10-13T18:53:16","guid":{"rendered":"https:\/\/salon-agriculture.ma\/siam25\/?page_id=727"},"modified":"2026-03-25T00:48:11","modified_gmt":"2026-03-24T23:48:11","slug":"dates-du-salon","status":"publish","type":"page","link":"https:\/\/www.salon-agriculture.ma\/en\/dates-du-salon\/","title":{"rendered":"Exhibition Dates"},"content":{"rendered":"<div data-elementor-type=\"wp-page\" data-elementor-id=\"727\" class=\"elementor elementor-727\" data-elementor-post-type=\"page\">\n\t\t\t\t<div class=\"elementor-element elementor-element-7629110 e-flex e-con-boxed e-con e-parent\" data-id=\"7629110\" data-element_type=\"container\" data-e-type=\"container\" data-settings=\"{&quot;background_background&quot;:&quot;classic&quot;}\">\n\t\t\t\t\t<div class=\"e-con-inner\">\n\t\t<div class=\"elementor-element elementor-element-033d95e e-con-full e-flex e-con e-child\" data-id=\"033d95e\" data-element_type=\"container\" data-e-type=\"container\">\n\t\t<div class=\"elementor-element elementor-element-1040877 e-con-full e-flex e-con e-child\" data-id=\"1040877\" data-element_type=\"container\" data-e-type=\"container\">\n\t\t\t\t<div class=\"elementor-element elementor-element-3cbc18b breadcrumbhomebtn elementor-widget elementor-widget-button\" data-id=\"3cbc18b\" data-element_type=\"widget\" data-e-type=\"widget\" data-widget_type=\"button.default\">\n\t\t\t\t<div class=\"elementor-widget-container\">\n\t\t\t\t\t\t\t\t\t<div class=\"elementor-button-wrapper\">\n\t\t\t\t\t<a class=\"elementor-button elementor-button-link elementor-size-sm\" href=\"https:\/\/www.salon-agriculture.ma\/en\">\n\t\t\t\t\t\t<span class=\"elementor-button-content-wrapper\">\n\t\t\t\t\t\t<span class=\"elementor-button-icon\">\n\t\t\t\t<svg xmlns=\"http:\/\/www.w3.org\/2000\/svg\" width=\"11.336\" height=\"12.371\" viewbox=\"0 0 11.336 12.371\"><g id=\"breadcrumb_home\" data-name=\"breadcrumb home\" transform=\"translate(-1289.194 -441.422)\"><g id=\"Group_688\" data-name=\"Group 688\" transform=\"translate(1289.35 441.593)\"><path id=\"Path_6986\" data-name=\"Path 6986\" d=\"M1290.432,450.472q0-1.165,0-2.329c0-.369-.009-.381-.373-.381a.651.651,0,0,1-.609-.323.628.628,0,0,1,.122-.815c.34-.353.691-.7,1.038-1.044l3.662-3.663c.048-.048.1-.1.147-.142a.624.624,0,0,1,.9.022c.567.557,1.126,1.121,1.689,1.682q1.167,1.164,2.334,2.328c.285.285.57.571.849.862a.645.645,0,0,1-.472,1.086c-.511-.015-.423.124-.424.447q0,2.254,0,4.509c0,.068,0,.137,0,.2a.676.676,0,0,1-.716.717q-.978.018-1.956,0a.668.668,0,0,1-.724-.756q0-1.342,0-2.683c0-.3-.047-.344-.347-.344h-1.342c-.339,0-.378.038-.378.37q0,1.332,0,2.664a.664.664,0,0,1-.713.748q-.987.021-1.975,0a.675.675,0,0,1-.71-.758C1290.428,452.074,1290.432,451.273,1290.432,450.472Zm8.386,0c0-.484,0-.969,0-1.453,0-.372-.01-.746.018-1.117a.639.639,0,0,1,.672-.61c.133-.005.3.065.377-.116s-.1-.267-.194-.365q-2.283-2.288-4.573-4.568c-.239-.238-.288-.234-.524,0q-.83.841-1.667,1.676l-2.989,2.992c-.071.072-.144.142-.1.259s.145.121.247.12c.056,0,.112,0,.168,0a.646.646,0,0,1,.639.586,2.366,2.366,0,0,1,.018.315q0,2.329,0,4.658c0,.265.037.3.3.3q.913,0,1.826,0c.29,0,.322-.032.322-.321q0-1.341,0-2.683a.688.688,0,0,1,.772-.767q.736,0,1.472,0a.683.683,0,0,1,.756.764q0,1.351,0,2.7c0,.265.038.3.3.3q.913,0,1.826,0c.293,0,.323-.03.324-.318Q1298.818,451.655,1298.817,450.472Z\" transform=\"translate(-1289.35 -441.593)\" stroke=\"#000\" stroke-width=\"0.3\"><\/path><\/g><\/g><\/svg>\t\t\t<\/span>\n\t\t\t\t\t\t\t\t\t<span class=\"elementor-button-text\">Home<\/span>\n\t\t\t\t\t<\/span>\n\t\t\t\t\t<\/a>\n\t\t\t\t<\/div>\n\t\t\t\t\t\t\t\t<\/div>\n\t\t\t\t<\/div>\n\t\t\t\t<div class=\"elementor-element elementor-element-6565716 breadcrumbseperatoricon elementor-view-default elementor-widget elementor-widget-icon\" data-id=\"6565716\" data-element_type=\"widget\" data-e-type=\"widget\" data-widget_type=\"icon.default\">\n\t\t\t\t<div class=\"elementor-widget-container\">\n\t\t\t\t\t\t\t<div class=\"elementor-icon-wrapper\">\n\t\t\t<div class=\"elementor-icon\">\n\t\t\t<svg xmlns=\"http:\/\/www.w3.org\/2000\/svg\" width=\"5.25\" height=\"8.75\" viewbox=\"0 0 5.25 8.75\"><path id=\"breadcrumb_separator\" data-name=\"breadcrumb separator\" d=\"M4.413,4.606,8.092.746a.346.346,0,0,0,0-.478l0,0a.319.319,0,0,0-.462,0L4.162,3.9.7.263a.319.319,0,0,0-.462,0l0,0a.346.346,0,0,0,0,.478L3.912,4.606a.346.346,0,0,0,.5,0Z\" transform=\"translate(0.186 8.537) rotate(-90)\" fill=\"none\" stroke=\"#4b4b4b\" stroke-width=\"0.7\"><\/path><\/svg>\t\t\t<\/div>\n\t\t<\/div>\n\t\t\t\t\t\t<\/div>\n\t\t\t\t<\/div>\n\t\t\t\t<div class=\"elementor-element elementor-element-8e3f1ff breadcrumbhomebtn elementor-widget elementor-widget-button\" data-id=\"8e3f1ff\" data-element_type=\"widget\" data-e-type=\"widget\" data-widget_type=\"button.default\">\n\t\t\t\t<div class=\"elementor-widget-container\">\n\t\t\t\t\t\t\t\t\t<div class=\"elementor-button-wrapper\">\n\t\t\t\t\t<a class=\"elementor-button elementor-button-link elementor-size-sm\" href=\"https:\/\/www.salon-agriculture.ma\/en\">\n\t\t\t\t\t\t<span class=\"elementor-button-content-wrapper\">\n\t\t\t\t\t\t\t\t\t<span class=\"elementor-button-text\">Practical Information<\/span>\n\t\t\t\t\t<\/span>\n\t\t\t\t\t<\/a>\n\t\t\t\t<\/div>\n\t\t\t\t\t\t\t\t<\/div>\n\t\t\t\t<\/div>\n\t\t\t\t<div class=\"elementor-element elementor-element-da72810 breadcrumbseperatoricon elementor-view-default elementor-widget elementor-widget-icon\" data-id=\"da72810\" data-element_type=\"widget\" data-e-type=\"widget\" data-widget_type=\"icon.default\">\n\t\t\t\t<div class=\"elementor-widget-container\">\n\t\t\t\t\t\t\t<div class=\"elementor-icon-wrapper\">\n\t\t\t<div class=\"elementor-icon\">\n\t\t\t<svg xmlns=\"http:\/\/www.w3.org\/2000\/svg\" width=\"5.25\" height=\"8.75\" viewbox=\"0 0 5.25 8.75\"><path id=\"breadcrumb_separator\" data-name=\"breadcrumb separator\" d=\"M4.413,4.606,8.092.746a.346.346,0,0,0,0-.478l0,0a.319.319,0,0,0-.462,0L4.162,3.9.7.263a.319.319,0,0,0-.462,0l0,0a.346.346,0,0,0,0,.478L3.912,4.606a.346.346,0,0,0,.5,0Z\" transform=\"translate(0.186 8.537) rotate(-90)\" fill=\"none\" stroke=\"#4b4b4b\" stroke-width=\"0.7\"><\/path><\/svg>\t\t\t<\/div>\n\t\t<\/div>\n\t\t\t\t\t\t<\/div>\n\t\t\t\t<\/div>\n\t\t\t\t<div class=\"elementor-element elementor-element-17d43a4 elementor-widget elementor-widget-heading\" data-id=\"17d43a4\" data-element_type=\"widget\" data-e-type=\"widget\" data-widget_type=\"heading.default\">\n\t\t\t\t<div class=\"elementor-widget-container\">\n\t\t\t\t\t<h2 class=\"elementor-heading-title elementor-size-default\">Exhibition Dates<\/h2>\t\t\t\t<\/div>\n\t\t\t\t<\/div>\n\t\t\t\t<\/div>\n\t\t<div class=\"elementor-element elementor-element-ba460f9 e-con-full e-flex e-con e-child\" data-id=\"ba460f9\" data-element_type=\"container\" data-e-type=\"container\">\n\t\t<div class=\"elementor-element elementor-element-02bd8da e-con-full e-flex e-con e-child\" data-id=\"02bd8da\" data-element_type=\"container\" data-e-type=\"container\">\n\t\t\t\t<div class=\"elementor-element elementor-element-7865f94 elementor-widget elementor-widget-heading\" data-id=\"7865f94\" data-element_type=\"widget\" data-e-type=\"widget\" data-widget_type=\"heading.default\">\n\t\t\t\t<div class=\"elementor-widget-container\">\n\t\t\t\t\t<h1 class=\"elementor-heading-title elementor-size-default\">Exhibition Dates<\/h1>\t\t\t\t<\/div>\n\t\t\t\t<\/div>\n\t\t\t\t<div class=\"elementor-element elementor-element-8db0dcf elementor-widget elementor-widget-text-editor\" data-id=\"8db0dcf\" data-element_type=\"widget\" data-e-type=\"widget\" data-widget_type=\"text-editor.default\">\n\t\t\t\t<div class=\"elementor-widget-container\">\n\t\t\t\t\t\t\t\t\t<p class=\"p1\">The International Agricultural Show in Morocco invites you to <span class=\"s1\"><b>20 au 28 Avril 2026 \u00e0 Mekn\u00e8s<\/b><\/span>A major event not to be missed by professionals, exhibitors and enthusiasts of the agricultural world.<\/p>\t\t\t\t\t\t\t\t<\/div>\n\t\t\t\t<\/div>\n\t\t\t\t<\/div>\n\t\t\t\t<div class=\"elementor-element elementor-element-cf27fca elementor-widget__width-initial elementor-widget elementor-widget-image\" data-id=\"cf27fca\" data-element_type=\"widget\" data-e-type=\"widget\" data-widget_type=\"image.default\">\n\t\t\t\t<div class=\"elementor-widget-container\">\n\t\t\t\t\t\t\t\t\t\t\t\t\t\t\t<img fetchpriority=\"high\" decoding=\"async\" width=\"387\" height=\"356\" src=\"https:\/\/www.salon-agriculture.ma\/wp-content\/uploads\/2025\/04\/Mask-Group-125-6.png\" class=\"attachment-large size-large wp-image-2730\" alt=\"\" srcset=\"https:\/\/www.salon-agriculture.ma\/wp-content\/uploads\/2025\/04\/Mask-Group-125-6.png 387w, https:\/\/www.salon-agriculture.ma\/wp-content\/uploads\/2025\/04\/Mask-Group-125-6-300x276.png 300w\" sizes=\"(max-width: 387px) 100vw, 387px\" \/>\t\t\t\t\t\t\t\t\t\t\t\t\t\t\t<\/div>\n\t\t\t\t<\/div>\n\t\t\t\t<\/div>\n\t\t\t\t<\/div>\n\t\t\t\t\t<\/div>\n\t\t\t\t<\/div>\n\t\t<div class=\"elementor-element elementor-element-1984cb9 e-flex e-con-boxed e-con e-parent\" data-id=\"1984cb9\" data-element_type=\"container\" data-e-type=\"container\" data-settings=\"{&quot;background_background&quot;:&quot;classic&quot;}\">\n\t\t\t\t\t<div class=\"e-con-inner\">\n\t\t<div class=\"elementor-element elementor-element-48cc765 e-con-full e-flex e-con e-child\" data-id=\"48cc765\" data-element_type=\"container\" data-e-type=\"container\">\n\t\t<div class=\"elementor-element elementor-element-e54631f e-con-full e-flex e-con e-child\" data-id=\"e54631f\" data-element_type=\"container\" data-e-type=\"container\">\n\t\t<div class=\"elementor-element elementor-element-ca8b492 e-con-full e-flex e-con e-child\" data-id=\"ca8b492\" data-element_type=\"container\" data-e-type=\"container\" data-settings=\"{&quot;background_background&quot;:&quot;classic&quot;}\">\n\t\t<div class=\"elementor-element elementor-element-db1f54d e-con-full e-flex e-con e-child\" data-id=\"db1f54d\" data-element_type=\"container\" data-e-type=\"container\">\n\t\t\t\t<div class=\"elementor-element elementor-element-831ba67 elementor-widget elementor-widget-image\" data-id=\"831ba67\" data-element_type=\"widget\" data-e-type=\"widget\" data-widget_type=\"image.default\">\n\t\t\t\t<div class=\"elementor-widget-container\">\n\t\t\t\t\t\t\t\t\t\t\t\t\t\t\t<img decoding=\"async\" width=\"640\" height=\"640\" src=\"https:\/\/www.salon-agriculture.ma\/wp-content\/uploads\/2025\/04\/Group-819.svg\" class=\"attachment-large size-large wp-image-2736\" alt=\"\" \/>\t\t\t\t\t\t\t\t\t\t\t\t\t\t\t<\/div>\n\t\t\t\t<\/div>\n\t\t\t\t<div class=\"elementor-element elementor-element-d633c53 elementor-widget__width-initial elementor-widget elementor-widget-heading\" data-id=\"d633c53\" data-element_type=\"widget\" data-e-type=\"widget\" data-widget_type=\"heading.default\">\n\t\t\t\t<div class=\"elementor-widget-container\">\n\t\t\t\t\t<h2 class=\"elementor-heading-title elementor-size-default\">Exhibition Dates<\/h2>\t\t\t\t<\/div>\n\t\t\t\t<\/div>\n\t\t\t\t<\/div>\n\t\t\t\t<div class=\"elementor-element elementor-element-aa87316 elementor-widget elementor-widget-spacer\" data-id=\"aa87316\" data-element_type=\"widget\" data-e-type=\"widget\" data-widget_type=\"spacer.default\">\n\t\t\t\t<div class=\"elementor-widget-container\">\n\t\t\t\t\t\t\t<div class=\"elementor-spacer\">\n\t\t\t<div class=\"elementor-spacer-inner\"><\/div>\n\t\t<\/div>\n\t\t\t\t\t\t<\/div>\n\t\t\t\t<\/div>\n\t\t\t\t<div class=\"elementor-element elementor-element-65d6377 elementor-widget elementor-widget-text-editor\" data-id=\"65d6377\" data-element_type=\"widget\" data-e-type=\"widget\" data-widget_type=\"text-editor.default\">\n\t\t\t\t<div class=\"elementor-widget-container\">\n\t\t\t\t\t\t\t\t\t<p>Du 20 au 28 avril 2026<\/p>\t\t\t\t\t\t\t\t<\/div>\n\t\t\t\t<\/div>\n\t\t\t\t<\/div>\n\t\t<div class=\"elementor-element elementor-element-cd5c480 e-con-full e-flex e-con e-child\" data-id=\"cd5c480\" data-element_type=\"container\" data-e-type=\"container\" data-settings=\"{&quot;background_background&quot;:&quot;classic&quot;}\">\n\t\t<div class=\"elementor-element elementor-element-56f393e e-con-full e-flex e-con e-child\" data-id=\"56f393e\" data-element_type=\"container\" data-e-type=\"container\">\n\t\t\t\t<div class=\"elementor-element elementor-element-0d7cff1 elementor-widget elementor-widget-image\" data-id=\"0d7cff1\" data-element_type=\"widget\" data-e-type=\"widget\" data-widget_type=\"image.default\">\n\t\t\t\t<div class=\"elementor-widget-container\">\n\t\t\t\t\t\t\t\t\t\t\t\t\t\t\t<img decoding=\"async\" width=\"640\" height=\"640\" src=\"https:\/\/www.salon-agriculture.ma\/wp-content\/uploads\/2025\/04\/Group-821.svg\" class=\"attachment-large size-large wp-image-2738\" alt=\"\" \/>\t\t\t\t\t\t\t\t\t\t\t\t\t\t\t<\/div>\n\t\t\t\t<\/div>\n\t\t\t\t<div class=\"elementor-element elementor-element-04c3f4e elementor-widget__width-initial elementor-widget elementor-widget-heading\" data-id=\"04c3f4e\" data-element_type=\"widget\" data-e-type=\"widget\" data-widget_type=\"heading.default\">\n\t\t\t\t<div class=\"elementor-widget-container\">\n\t\t\t\t\t<h2 class=\"elementor-heading-title elementor-size-default\">Days reserved\nfor professionals<\/h2>\t\t\t\t<\/div>\n\t\t\t\t<\/div>\n\t\t\t\t<\/div>\n\t\t\t\t<div class=\"elementor-element elementor-element-e5e2aa1 elementor-widget elementor-widget-spacer\" data-id=\"e5e2aa1\" data-element_type=\"widget\" data-e-type=\"widget\" data-widget_type=\"spacer.default\">\n\t\t\t\t<div class=\"elementor-widget-container\">\n\t\t\t\t\t\t\t<div class=\"elementor-spacer\">\n\t\t\t<div class=\"elementor-spacer-inner\"><\/div>\n\t\t<\/div>\n\t\t\t\t\t\t<\/div>\n\t\t\t\t<\/div>\n\t\t\t\t<div class=\"elementor-element elementor-element-e52646a elementor-widget elementor-widget-text-editor\" data-id=\"e52646a\" data-element_type=\"widget\" data-e-type=\"widget\" data-widget_type=\"text-editor.default\">\n\t\t\t\t<div class=\"elementor-widget-container\">\n\t\t\t\t\t\t\t\t\t<p>Lundi 20 apr\u00e8s inauguration, Mardi 21 et Mercredi 22 Avril 2026 &#8211; 09h \u00e0 18h00<\/p>\t\t\t\t\t\t\t\t<\/div>\n\t\t\t\t<\/div>\n\t\t\t\t<\/div>\n\t\t<div class=\"elementor-element elementor-element-27ff403 e-con-full e-flex e-con e-child\" data-id=\"27ff403\" data-element_type=\"container\" data-e-type=\"container\" data-settings=\"{&quot;background_background&quot;:&quot;classic&quot;}\">\n\t\t<div class=\"elementor-element elementor-element-422ea96 e-con-full e-flex e-con e-child\" data-id=\"422ea96\" data-element_type=\"container\" data-e-type=\"container\">\n\t\t\t\t<div class=\"elementor-element elementor-element-531d2b6 elementor-widget elementor-widget-image\" data-id=\"531d2b6\" data-element_type=\"widget\" data-e-type=\"widget\" data-widget_type=\"image.default\">\n\t\t\t\t<div class=\"elementor-widget-container\">\n\t\t\t\t\t\t\t\t\t\t\t\t\t\t\t<img loading=\"lazy\" decoding=\"async\" width=\"51\" height=\"51\" src=\"https:\/\/www.salon-agriculture.ma\/wp-content\/uploads\/2025\/04\/Group-820.svg\" class=\"attachment-full size-full wp-image-2737\" alt=\"\" \/>\t\t\t\t\t\t\t\t\t\t\t\t\t\t\t<\/div>\n\t\t\t\t<\/div>\n\t\t\t\t<div class=\"elementor-element elementor-element-942076e elementor-widget__width-initial elementor-widget elementor-widget-heading\" data-id=\"942076e\" data-element_type=\"widget\" data-e-type=\"widget\" data-widget_type=\"heading.default\">\n\t\t\t\t<div class=\"elementor-widget-container\">\n\t\t\t\t\t<h2 class=\"elementor-heading-title elementor-size-default\">Journ\u00e9es professionnels \net grand public<\/h2>\t\t\t\t<\/div>\n\t\t\t\t<\/div>\n\t\t\t\t<\/div>\n\t\t\t\t<div class=\"elementor-element elementor-element-ede3fc1 elementor-widget elementor-widget-spacer\" data-id=\"ede3fc1\" data-element_type=\"widget\" data-e-type=\"widget\" data-widget_type=\"spacer.default\">\n\t\t\t\t<div class=\"elementor-widget-container\">\n\t\t\t\t\t\t\t<div class=\"elementor-spacer\">\n\t\t\t<div class=\"elementor-spacer-inner\"><\/div>\n\t\t<\/div>\n\t\t\t\t\t\t<\/div>\n\t\t\t\t<\/div>\n\t\t\t\t<div class=\"elementor-element elementor-element-8b95018 elementor-widget elementor-widget-text-editor\" data-id=\"8b95018\" data-element_type=\"widget\" data-e-type=\"widget\" data-widget_type=\"text-editor.default\">\n\t\t\t\t<div class=\"elementor-widget-container\">\n\t\t\t\t\t\t\t\t\t<p>Du 23 au 28 avril \u2013 09h \u00e0 18h00<\/p>\t\t\t\t\t\t\t\t<\/div>\n\t\t\t\t<\/div>\n\t\t\t\t<\/div>\n\t\t\t\t<\/div>\n\t\t\t\t<\/div>\n\t\t\t\t\t<\/div>\n\t\t\t\t<\/div>\n\t\t<div class=\"elementor-element elementor-element-dfabb57 e-flex e-con-boxed e-con e-parent\" data-id=\"dfabb57\" data-element_type=\"container\" data-e-type=\"container\">\n\t\t\t\t\t<div class=\"e-con-inner\">\n\t\t<div class=\"elementor-element elementor-element-b72ff16 e-con-full e-flex e-con e-child\" data-id=\"b72ff16\" data-element_type=\"container\" data-e-type=\"container\" data-settings=\"{&quot;background_background&quot;:&quot;classic&quot;}\">\n\t\t<div class=\"elementor-element elementor-element-aa37cf7 e-con-full e-flex e-con e-child\" data-id=\"aa37cf7\" data-element_type=\"container\" data-e-type=\"container\">\n\t\t\t\t<div class=\"elementor-element elementor-element-a5320f2 elementor-widget elementor-widget-heading\" data-id=\"a5320f2\" data-element_type=\"widget\" data-e-type=\"widget\" data-widget_type=\"heading.default\">\n\t\t\t\t<div class=\"elementor-widget-container\">\n\t\t\t\t\t<h2 class=\"elementor-heading-title elementor-size-default\">Reserve Your E-Ticket<\/h2>\t\t\t\t<\/div>\n\t\t\t\t<\/div>\n\t\t\t\t<div class=\"elementor-element elementor-element-ad8a36c elementor-widget elementor-widget-text-editor\" data-id=\"ad8a36c\" data-element_type=\"widget\" data-e-type=\"widget\" data-widget_type=\"text-editor.default\">\n\t\t\t\t<div class=\"elementor-widget-container\">\n\t\t\t\t\t\t\t\t\tReserve your tickets online now for the International Agriculture Exhibition and enjoy an unforgettable experience!\t\t\t\t\t\t\t\t<\/div>\n\t\t\t\t<\/div>\n\t\t\t\t<div class=\"elementor-element elementor-element-9690f4d green-cta-icon white elementor-widget elementor-widget-button\" data-id=\"9690f4d\" data-element_type=\"widget\" data-e-type=\"widget\" data-widget_type=\"button.default\">\n\t\t\t\t<div class=\"elementor-widget-container\">\n\t\t\t\t\t\t\t\t\t<div class=\"elementor-button-wrapper\">\n\t\t\t\t\t<a class=\"elementor-button elementor-button-link elementor-size-sm\" href=\"https:\/\/www.salon-agriculture.ma\/en\/e-ticket-siam-17eme-edition\/\">\n\t\t\t\t\t\t<span class=\"elementor-button-content-wrapper\">\n\t\t\t\t\t\t<span class=\"elementor-button-icon\">\n\t\t\t\t<svg xmlns=\"http:\/\/www.w3.org\/2000\/svg\" width=\"12.821\" height=\"12.821\" viewbox=\"0 0 12.821 12.821\"><g id=\"diagonal-arrow\" transform=\"translate(-1036.675 -430.086)\"><path id=\"Path_3401\" data-name=\"Path 3401\" d=\"M14,23.992,23.992,14m0,0H14m9.992,0v9.992\" transform=\"translate(1024.089 417.5)\" fill=\"none\" stroke=\"#009A4E\" stroke-linecap=\"round\" stroke-linejoin=\"round\" stroke-width=\"2\"><\/path><\/g><\/svg>\t\t\t<\/span>\n\t\t\t\t\t\t\t\t\t<span class=\"elementor-button-text\">Reserve Your Ticket<\/span>\n\t\t\t\t\t<\/span>\n\t\t\t\t\t<\/a>\n\t\t\t\t<\/div>\n\t\t\t\t\t\t\t\t<\/div>\n\t\t\t\t<\/div>\n\t\t\t\t<\/div>\n\t\t<div class=\"elementor-element elementor-element-528cca5 e-con-full e-flex e-con e-child\" data-id=\"528cca5\" data-element_type=\"container\" data-e-type=\"container\">\n\t\t\t\t<div class=\"elementor-element elementor-element-25670c4 elementor-widget elementor-widget-image\" data-id=\"25670c4\" data-element_type=\"widget\" data-e-type=\"widget\" data-widget_type=\"image.default\">\n\t\t\t\t<div class=\"elementor-widget-container\">\n\t\t\t\t\t\t\t\t\t\t\t\t\t\t\t<img loading=\"lazy\" decoding=\"async\" width=\"479\" height=\"603\" src=\"https:\/\/www.salon-agriculture.ma\/wp-content\/uploads\/2025\/04\/Mask-Group-126-1.png\" class=\"attachment-large size-large wp-image-749\" alt=\"\" srcset=\"https:\/\/www.salon-agriculture.ma\/wp-content\/uploads\/2025\/04\/Mask-Group-126-1.png 479w, https:\/\/www.salon-agriculture.ma\/wp-content\/uploads\/2025\/04\/Mask-Group-126-1-238x300.png 238w\" sizes=\"(max-width: 479px) 100vw, 479px\" \/>\t\t\t\t\t\t\t\t\t\t\t\t\t\t\t<\/div>\n\t\t\t\t<\/div>\n\t\t\t\t<\/div>\n\t\t\t\t<\/div>\n\t\t\t\t\t<\/div>\n\t\t\t\t<\/div>\n\t\t\t\t<\/div>","protected":false},"excerpt":{"rendered":"<p>Accueil Infos pratiques Dates du Salon Dates du Salon Le Salon International de l\u2019Agriculture au Maroc vous donne rendez-vous du 20 au 28 Avril 2026 \u00e0 Mekn\u00e8s. Un \u00e9v\u00e9nement majeur [&hellip;]<\/p>\n","protected":false},"author":1,"featured_media":0,"parent":0,"menu_order":0,"comment_status":"closed","ping_status":"closed","template":"elementor_header_footer","meta":{"inline_featured_image":false,"_price":"","_stock":"","_tribe_ticket_header":"","_tribe_default_ticket_provider":"Tribe__Tickets_Plus__Commerce__WooCommerce__Main","_tribe_ticket_capacity":"0","_ticket_start_date":"","_ticket_end_date":"","_tribe_ticket_show_description":"","_tribe_ticket_show_not_going":false,"_tribe_ticket_use_global_stock":"","_tribe_ticket_global_stock_level":"","_global_stock_mode":"","_global_stock_cap":"","_tribe_rsvp_for_event":"","_tribe_ticket_going_count":"","_tribe_ticket_not_going_count":"","_tribe_tickets_list":"[]","_tribe_ticket_has_attendee_info_fields":false,"footnotes":"","_tec_slr_enabled":"","_tec_slr_layout":""},"class_list":["post-727","page","type-page","status-publish","hentry"],"aioseo_notices":[],"jetpack_sharing_enabled":true,"ticketed":false,"_links":{"self":[{"href":"https:\/\/www.salon-agriculture.ma\/en\/wp-json\/wp\/v2\/pages\/727","targetHints":{"allow":["GET"]}}],"collection":[{"href":"https:\/\/www.salon-agriculture.ma\/en\/wp-json\/wp\/v2\/pages"}],"about":[{"href":"https:\/\/www.salon-agriculture.ma\/en\/wp-json\/wp\/v2\/types\/page"}],"author":[{"embeddable":true,"href":"https:\/\/www.salon-agriculture.ma\/en\/wp-json\/wp\/v2\/users\/1"}],"replies":[{"embeddable":true,"href":"https:\/\/www.salon-agriculture.ma\/en\/wp-json\/wp\/v2\/comments?post=727"}],"version-history":[{"count":61,"href":"https:\/\/www.salon-agriculture.ma\/en\/wp-json\/wp\/v2\/pages\/727\/revisions"}],"predecessor-version":[{"id":16767,"href":"https:\/\/www.salon-agriculture.ma\/en\/wp-json\/wp\/v2\/pages\/727\/revisions\/16767"}],"wp:attachment":[{"href":"https:\/\/www.salon-agriculture.ma\/en\/wp-json\/wp\/v2\/media?parent=727"}],"curies":[{"name":"wp","href":"https:\/\/api.w.org\/{rel}","templated":true}]}}