{"id":663,"date":"2024-10-09T15:31:54","date_gmt":"2024-10-09T15:31:54","guid":{"rendered":"https:\/\/salon-agriculture.ma\/siam25\/?page_id=663"},"modified":"2026-04-21T20:29:35","modified_gmt":"2026-04-21T19:29:35","slug":"nos-partenaires","status":"publish","type":"page","link":"https:\/\/www.salon-agriculture.ma\/en\/nos-partenaires\/","title":{"rendered":"Our Partners"},"content":{"rendered":"<div data-elementor-type=\"wp-page\" data-elementor-id=\"663\" class=\"elementor elementor-663\" data-elementor-post-type=\"page\">\n\t\t\t\t<div class=\"elementor-element elementor-element-975cf6b e-flex e-con-boxed e-con e-parent\" data-id=\"975cf6b\" data-element_type=\"container\" data-e-type=\"container\" data-settings=\"{&quot;background_background&quot;:&quot;classic&quot;}\">\n\t\t\t\t\t<div class=\"e-con-inner\">\n\t\t<div class=\"elementor-element elementor-element-31c59a8 e-con-full e-flex e-con e-child\" data-id=\"31c59a8\" data-element_type=\"container\" data-e-type=\"container\">\n\t\t<div class=\"elementor-element elementor-element-038e691 e-con-full e-flex e-con e-child\" data-id=\"038e691\" data-element_type=\"container\" data-e-type=\"container\">\n\t\t\t\t<div class=\"elementor-element elementor-element-927b296 breadcrumbhomebtn elementor-widget elementor-widget-button\" data-id=\"927b296\" data-element_type=\"widget\" data-e-type=\"widget\" data-widget_type=\"button.default\">\n\t\t\t\t<div class=\"elementor-widget-container\">\n\t\t\t\t\t\t\t\t\t<div class=\"elementor-button-wrapper\">\n\t\t\t\t\t<a class=\"elementor-button elementor-button-link elementor-size-sm\" href=\"https:\/\/www.salon-agriculture.ma\/en\">\n\t\t\t\t\t\t<span class=\"elementor-button-content-wrapper\">\n\t\t\t\t\t\t<span class=\"elementor-button-icon\">\n\t\t\t\t<svg xmlns=\"http:\/\/www.w3.org\/2000\/svg\" width=\"11.336\" height=\"12.371\" viewbox=\"0 0 11.336 12.371\"><g id=\"breadcrumb_home\" data-name=\"breadcrumb home\" transform=\"translate(-1289.194 -441.422)\"><g id=\"Group_688\" data-name=\"Group 688\" transform=\"translate(1289.35 441.593)\"><path id=\"Path_6986\" data-name=\"Path 6986\" d=\"M1290.432,450.472q0-1.165,0-2.329c0-.369-.009-.381-.373-.381a.651.651,0,0,1-.609-.323.628.628,0,0,1,.122-.815c.34-.353.691-.7,1.038-1.044l3.662-3.663c.048-.048.1-.1.147-.142a.624.624,0,0,1,.9.022c.567.557,1.126,1.121,1.689,1.682q1.167,1.164,2.334,2.328c.285.285.57.571.849.862a.645.645,0,0,1-.472,1.086c-.511-.015-.423.124-.424.447q0,2.254,0,4.509c0,.068,0,.137,0,.2a.676.676,0,0,1-.716.717q-.978.018-1.956,0a.668.668,0,0,1-.724-.756q0-1.342,0-2.683c0-.3-.047-.344-.347-.344h-1.342c-.339,0-.378.038-.378.37q0,1.332,0,2.664a.664.664,0,0,1-.713.748q-.987.021-1.975,0a.675.675,0,0,1-.71-.758C1290.428,452.074,1290.432,451.273,1290.432,450.472Zm8.386,0c0-.484,0-.969,0-1.453,0-.372-.01-.746.018-1.117a.639.639,0,0,1,.672-.61c.133-.005.3.065.377-.116s-.1-.267-.194-.365q-2.283-2.288-4.573-4.568c-.239-.238-.288-.234-.524,0q-.83.841-1.667,1.676l-2.989,2.992c-.071.072-.144.142-.1.259s.145.121.247.12c.056,0,.112,0,.168,0a.646.646,0,0,1,.639.586,2.366,2.366,0,0,1,.018.315q0,2.329,0,4.658c0,.265.037.3.3.3q.913,0,1.826,0c.29,0,.322-.032.322-.321q0-1.341,0-2.683a.688.688,0,0,1,.772-.767q.736,0,1.472,0a.683.683,0,0,1,.756.764q0,1.351,0,2.7c0,.265.038.3.3.3q.913,0,1.826,0c.293,0,.323-.03.324-.318Q1298.818,451.655,1298.817,450.472Z\" transform=\"translate(-1289.35 -441.593)\" stroke=\"#000\" stroke-width=\"0.3\"><\/path><\/g><\/g><\/svg>\t\t\t<\/span>\n\t\t\t\t\t\t\t\t\t<span class=\"elementor-button-text\">Home<\/span>\n\t\t\t\t\t<\/span>\n\t\t\t\t\t<\/a>\n\t\t\t\t<\/div>\n\t\t\t\t\t\t\t\t<\/div>\n\t\t\t\t<\/div>\n\t\t\t\t<div class=\"elementor-element elementor-element-d00d18f breadcrumbseperatoricon elementor-view-default elementor-widget elementor-widget-icon\" data-id=\"d00d18f\" data-element_type=\"widget\" data-e-type=\"widget\" data-widget_type=\"icon.default\">\n\t\t\t\t<div class=\"elementor-widget-container\">\n\t\t\t\t\t\t\t<div class=\"elementor-icon-wrapper\">\n\t\t\t<div class=\"elementor-icon\">\n\t\t\t<svg xmlns=\"http:\/\/www.w3.org\/2000\/svg\" width=\"5.25\" height=\"8.75\" viewbox=\"0 0 5.25 8.75\"><path id=\"breadcrumb_separator\" data-name=\"breadcrumb separator\" d=\"M4.413,4.606,8.092.746a.346.346,0,0,0,0-.478l0,0a.319.319,0,0,0-.462,0L4.162,3.9.7.263a.319.319,0,0,0-.462,0l0,0a.346.346,0,0,0,0,.478L3.912,4.606a.346.346,0,0,0,.5,0Z\" transform=\"translate(0.186 8.537) rotate(-90)\" fill=\"none\" stroke=\"#4b4b4b\" stroke-width=\"0.7\"><\/path><\/svg>\t\t\t<\/div>\n\t\t<\/div>\n\t\t\t\t\t\t<\/div>\n\t\t\t\t<\/div>\n\t\t\t\t<div class=\"elementor-element elementor-element-e2a9368 breadcrumbhomebtn elementor-widget elementor-widget-button\" data-id=\"e2a9368\" data-element_type=\"widget\" data-e-type=\"widget\" data-widget_type=\"button.default\">\n\t\t\t\t<div class=\"elementor-widget-container\">\n\t\t\t\t\t\t\t\t\t<div class=\"elementor-button-wrapper\">\n\t\t\t\t\t<a class=\"elementor-button elementor-button-link elementor-size-sm\" href=\"https:\/\/www.salon-agriculture.ma\/en\">\n\t\t\t\t\t\t<span class=\"elementor-button-content-wrapper\">\n\t\t\t\t\t\t\t\t\t<span class=\"elementor-button-text\">Exhibition<\/span>\n\t\t\t\t\t<\/span>\n\t\t\t\t\t<\/a>\n\t\t\t\t<\/div>\n\t\t\t\t\t\t\t\t<\/div>\n\t\t\t\t<\/div>\n\t\t\t\t<div class=\"elementor-element elementor-element-06be7e6 breadcrumbseperatoricon elementor-view-default elementor-widget elementor-widget-icon\" data-id=\"06be7e6\" data-element_type=\"widget\" data-e-type=\"widget\" data-widget_type=\"icon.default\">\n\t\t\t\t<div class=\"elementor-widget-container\">\n\t\t\t\t\t\t\t<div class=\"elementor-icon-wrapper\">\n\t\t\t<div class=\"elementor-icon\">\n\t\t\t<svg xmlns=\"http:\/\/www.w3.org\/2000\/svg\" width=\"5.25\" height=\"8.75\" viewbox=\"0 0 5.25 8.75\"><path id=\"breadcrumb_separator\" data-name=\"breadcrumb separator\" d=\"M4.413,4.606,8.092.746a.346.346,0,0,0,0-.478l0,0a.319.319,0,0,0-.462,0L4.162,3.9.7.263a.319.319,0,0,0-.462,0l0,0a.346.346,0,0,0,0,.478L3.912,4.606a.346.346,0,0,0,.5,0Z\" transform=\"translate(0.186 8.537) rotate(-90)\" fill=\"none\" stroke=\"#4b4b4b\" stroke-width=\"0.7\"><\/path><\/svg>\t\t\t<\/div>\n\t\t<\/div>\n\t\t\t\t\t\t<\/div>\n\t\t\t\t<\/div>\n\t\t\t\t<div class=\"elementor-element elementor-element-ab65982 elementor-widget elementor-widget-heading\" data-id=\"ab65982\" data-element_type=\"widget\" data-e-type=\"widget\" data-widget_type=\"heading.default\">\n\t\t\t\t<div class=\"elementor-widget-container\">\n\t\t\t\t\t<h2 class=\"elementor-heading-title elementor-size-default\">Our Partners<\/h2>\t\t\t\t<\/div>\n\t\t\t\t<\/div>\n\t\t\t\t<\/div>\n\t\t<div class=\"elementor-element elementor-element-d4dc669 e-con-full e-flex e-con e-child\" data-id=\"d4dc669\" data-element_type=\"container\" data-e-type=\"container\">\n\t\t<div class=\"elementor-element elementor-element-30e72fd e-con-full e-flex e-con e-child\" data-id=\"30e72fd\" data-element_type=\"container\" data-e-type=\"container\">\n\t\t\t\t<div class=\"elementor-element elementor-element-713ff1c elementor-widget elementor-widget-heading\" data-id=\"713ff1c\" data-element_type=\"widget\" data-e-type=\"widget\" data-widget_type=\"heading.default\">\n\t\t\t\t<div class=\"elementor-widget-container\">\n\t\t\t\t\t<h1 class=\"elementor-heading-title elementor-size-default\">Our Partners<\/h1>\t\t\t\t<\/div>\n\t\t\t\t<\/div>\n\t\t\t\t<div class=\"elementor-element elementor-element-31b4e58 elementor-widget elementor-widget-text-editor\" data-id=\"31b4e58\" data-element_type=\"widget\" data-e-type=\"widget\" data-widget_type=\"text-editor.default\">\n\t\t\t\t<div class=\"elementor-widget-container\">\n\t\t\t\t\t\t\t\t\t<p class=\"p1\">As key contributors to the success of SIAM, our partners play a vital role in ensuring that each edition achieves national and international prominence.<\/p>\t\t\t\t\t\t\t\t<\/div>\n\t\t\t\t<\/div>\n\t\t\t\t<\/div>\n\t\t\t\t<div class=\"elementor-element elementor-element-e20410d elementor-widget__width-initial elementor-widget elementor-widget-image\" data-id=\"e20410d\" data-element_type=\"widget\" data-e-type=\"widget\" data-widget_type=\"image.default\">\n\t\t\t\t<div class=\"elementor-widget-container\">\n\t\t\t\t\t\t\t\t\t\t\t\t\t\t\t<img fetchpriority=\"high\" decoding=\"async\" width=\"387\" height=\"356\" src=\"https:\/\/www.salon-agriculture.ma\/wp-content\/uploads\/2025\/04\/Mask-Group-125-1.png\" class=\"attachment-large size-large wp-image-2581\" alt=\"\" srcset=\"https:\/\/www.salon-agriculture.ma\/wp-content\/uploads\/2025\/04\/Mask-Group-125-1.png 387w, https:\/\/www.salon-agriculture.ma\/wp-content\/uploads\/2025\/04\/Mask-Group-125-1-300x276.png 300w\" sizes=\"(max-width: 387px) 100vw, 387px\" \/>\t\t\t\t\t\t\t\t\t\t\t\t\t\t\t<\/div>\n\t\t\t\t<\/div>\n\t\t\t\t<\/div>\n\t\t\t\t<\/div>\n\t\t\t\t\t<\/div>\n\t\t\t\t<\/div>\n\t\t<div class=\"elementor-element elementor-element-37df026 e-flex e-con-boxed e-con e-parent\" data-id=\"37df026\" data-element_type=\"container\" data-e-type=\"container\" data-settings=\"{&quot;background_background&quot;:&quot;classic&quot;}\">\n\t\t\t\t\t<div class=\"e-con-inner\">\n\t\t<div class=\"elementor-element elementor-element-8b30194 e-con-full e-flex e-con e-child\" data-id=\"8b30194\" data-element_type=\"container\" data-e-type=\"container\">\n\t\t<div class=\"elementor-element elementor-element-fdd3af6 e-flex e-con-boxed e-con e-child\" data-id=\"fdd3af6\" data-element_type=\"container\" data-e-type=\"container\">\n\t\t\t\t\t<div class=\"e-con-inner\">\n\t\t\t\t<div class=\"elementor-element elementor-element-d86e7a8 elementor-widget elementor-widget-heading\" data-id=\"d86e7a8\" data-element_type=\"widget\" data-e-type=\"widget\" data-widget_type=\"heading.default\">\n\t\t\t\t<div class=\"elementor-widget-container\">\n\t\t\t\t\t<h2 class=\"elementor-heading-title elementor-size-default\">Nos Partenaires \n&amp; Sponsors<\/h2>\t\t\t\t<\/div>\n\t\t\t\t<\/div>\n\t\t\t\t\t<\/div>\n\t\t\t\t<\/div>\n\t\t\t\t<div class=\"elementor-element elementor-element-95542d1 elementor-widget elementor-widget-spacer\" data-id=\"95542d1\" data-element_type=\"widget\" data-e-type=\"widget\" data-widget_type=\"spacer.default\">\n\t\t\t\t<div class=\"elementor-widget-container\">\n\t\t\t\t\t\t\t<div class=\"elementor-spacer\">\n\t\t\t<div class=\"elementor-spacer-inner\"><\/div>\n\t\t<\/div>\n\t\t\t\t\t\t<\/div>\n\t\t\t\t<\/div>\n\t\t<div class=\"elementor-element elementor-element-8f3fc1c e-con-full e-flex e-con e-child\" data-id=\"8f3fc1c\" data-element_type=\"container\" data-e-type=\"container\">\n\t\t\t\t<div class=\"elementor-element elementor-element-8e42ace elementor-widget__width-initial elementor-widget-divider--view-line elementor-widget elementor-widget-divider\" data-id=\"8e42ace\" data-element_type=\"widget\" data-e-type=\"widget\" data-widget_type=\"divider.default\">\n\t\t\t\t<div class=\"elementor-widget-container\">\n\t\t\t\t\t\t\t<div class=\"elementor-divider\">\n\t\t\t<span class=\"elementor-divider-separator\">\n\t\t\t\t\t\t<\/span>\n\t\t<\/div>\n\t\t\t\t\t\t<\/div>\n\t\t\t\t<\/div>\n\t\t\t\t<div class=\"elementor-element elementor-element-16fd36a elementor-widget elementor-widget-heading\" data-id=\"16fd36a\" data-element_type=\"widget\" data-e-type=\"widget\" data-widget_type=\"heading.default\">\n\t\t\t\t<div class=\"elementor-widget-container\">\n\t\t\t\t\t<div class=\"elementor-heading-title elementor-size-default\">Public Partners<\/div>\t\t\t\t<\/div>\n\t\t\t\t<\/div>\n\t\t\t\t<div class=\"elementor-element elementor-element-1ea8152 elementor-widget__width-initial elementor-widget-divider--view-line elementor-widget elementor-widget-divider\" data-id=\"1ea8152\" data-element_type=\"widget\" data-e-type=\"widget\" data-widget_type=\"divider.default\">\n\t\t\t\t<div class=\"elementor-widget-container\">\n\t\t\t\t\t\t\t<div class=\"elementor-divider\">\n\t\t\t<span class=\"elementor-divider-separator\">\n\t\t\t\t\t\t<\/span>\n\t\t<\/div>\n\t\t\t\t\t\t<\/div>\n\t\t\t\t<\/div>\n\t\t\t\t<\/div>\n\t\t<div class=\"elementor-element elementor-element-720c860 e-con-full e-flex e-con e-child\" data-id=\"720c860\" data-element_type=\"container\" data-e-type=\"container\">\n\t\t\t\t<div class=\"elementor-element elementor-element-56fbdf2 elementor-widget elementor-widget-image\" data-id=\"56fbdf2\" data-element_type=\"widget\" data-e-type=\"widget\" data-widget_type=\"image.default\">\n\t\t\t\t<div class=\"elementor-widget-container\">\n\t\t\t\t\t\t\t\t\t\t\t\t\t\t\t\t<a href=\"https:\/\/www.agriculture.gov.ma\/\" target=\"_blank\">\n\t\t\t\t\t\t\t<img decoding=\"async\" width=\"258\" height=\"170\" src=\"https:\/\/www.salon-agriculture.ma\/wp-content\/uploads\/2025\/04\/Group-732-1.png\" class=\"attachment-large size-large wp-image-456\" alt=\"\" \/>\t\t\t\t\t\t\t\t<\/a>\n\t\t\t\t\t\t\t\t\t\t\t\t\t\t\t<\/div>\n\t\t\t\t<\/div>\n\t\t\t\t<div class=\"elementor-element elementor-element-e51de33 elementor-widget elementor-widget-image\" data-id=\"e51de33\" data-element_type=\"widget\" data-e-type=\"widget\" data-widget_type=\"image.default\">\n\t\t\t\t<div class=\"elementor-widget-container\">\n\t\t\t\t\t\t\t\t\t\t\t\t\t\t\t<img decoding=\"async\" width=\"258\" height=\"170\" src=\"https:\/\/www.salon-agriculture.ma\/wp-content\/uploads\/2025\/04\/Group-731-1.png\" class=\"attachment-large size-large wp-image-455\" alt=\"\" \/>\t\t\t\t\t\t\t\t\t\t\t\t\t\t\t<\/div>\n\t\t\t\t<\/div>\n\t\t\t\t<\/div>\n\t\t<div class=\"elementor-element elementor-element-221357f e-con-full e-flex e-con e-child\" data-id=\"221357f\" data-element_type=\"container\" data-e-type=\"container\">\n\t\t\t\t<div class=\"elementor-element elementor-element-a3e1267 elementor-widget__width-initial elementor-widget-divider--view-line elementor-widget elementor-widget-divider\" data-id=\"a3e1267\" data-element_type=\"widget\" data-e-type=\"widget\" data-widget_type=\"divider.default\">\n\t\t\t\t<div class=\"elementor-widget-container\">\n\t\t\t\t\t\t\t<div class=\"elementor-divider\">\n\t\t\t<span class=\"elementor-divider-separator\">\n\t\t\t\t\t\t<\/span>\n\t\t<\/div>\n\t\t\t\t\t\t<\/div>\n\t\t\t\t<\/div>\n\t\t\t\t<div class=\"elementor-element elementor-element-7cc29e1 elementor-widget elementor-widget-heading\" data-id=\"7cc29e1\" data-element_type=\"widget\" data-e-type=\"widget\" data-widget_type=\"heading.default\">\n\t\t\t\t<div class=\"elementor-widget-container\">\n\t\t\t\t\t<div class=\"elementor-heading-title elementor-size-default\">Official Sponsors<\/div>\t\t\t\t<\/div>\n\t\t\t\t<\/div>\n\t\t\t\t<div class=\"elementor-element elementor-element-a2f21f8 elementor-widget__width-initial elementor-widget-divider--view-line elementor-widget elementor-widget-divider\" data-id=\"a2f21f8\" data-element_type=\"widget\" data-e-type=\"widget\" data-widget_type=\"divider.default\">\n\t\t\t\t<div class=\"elementor-widget-container\">\n\t\t\t\t\t\t\t<div class=\"elementor-divider\">\n\t\t\t<span class=\"elementor-divider-separator\">\n\t\t\t\t\t\t<\/span>\n\t\t<\/div>\n\t\t\t\t\t\t<\/div>\n\t\t\t\t<\/div>\n\t\t\t\t<\/div>\n\t\t<div class=\"elementor-element elementor-element-0f285d3 e-con-full e-flex e-con e-child\" data-id=\"0f285d3\" data-element_type=\"container\" data-e-type=\"container\">\n\t\t\t\t<div class=\"elementor-element elementor-element-273cd24 elementor-widget elementor-widget-image\" data-id=\"273cd24\" data-element_type=\"widget\" data-e-type=\"widget\" data-widget_type=\"image.default\">\n\t\t\t\t<div class=\"elementor-widget-container\">\n\t\t\t\t\t\t\t\t\t\t\t\t\t\t\t\t<a href=\"https:\/\/www.creditagricole.ma\" target=\"_blank\">\n\t\t\t\t\t\t\t<img loading=\"lazy\" decoding=\"async\" width=\"258\" height=\"170\" src=\"https:\/\/www.salon-agriculture.ma\/wp-content\/uploads\/2025\/04\/Group-733-1.png\" class=\"attachment-large size-large wp-image-463\" alt=\"\" \/>\t\t\t\t\t\t\t\t<\/a>\n\t\t\t\t\t\t\t\t\t\t\t\t\t\t\t<\/div>\n\t\t\t\t<\/div>\n\t\t\t\t<div class=\"elementor-element elementor-element-6bab63b elementor-widget elementor-widget-image\" data-id=\"6bab63b\" data-element_type=\"widget\" data-e-type=\"widget\" data-widget_type=\"image.default\">\n\t\t\t\t<div class=\"elementor-widget-container\">\n\t\t\t\t\t\t\t\t\t\t\t\t\t\t\t\t<a href=\"https:\/\/www.ocpgroup.ma\" target=\"_blank\">\n\t\t\t\t\t\t\t<img decoding=\"async\" src=\"https:\/\/www.salon-agriculture.ma\/wp-content\/uploads\/2026\/04\/ocp.jpg\" title=\"\" alt=\"\" loading=\"lazy\" \/>\t\t\t\t\t\t\t\t<\/a>\n\t\t\t\t\t\t\t\t\t\t\t\t\t\t\t<\/div>\n\t\t\t\t<\/div>\n\t\t\t\t<div class=\"elementor-element elementor-element-2199832 elementor-widget elementor-widget-image\" data-id=\"2199832\" data-element_type=\"widget\" data-e-type=\"widget\" data-widget_type=\"image.default\">\n\t\t\t\t<div class=\"elementor-widget-container\">\n\t\t\t\t\t\t\t\t\t\t\t\t\t\t\t\t<a href=\"https:\/\/www.iam.ma\/\" target=\"_blank\">\n\t\t\t\t\t\t\t<img loading=\"lazy\" decoding=\"async\" width=\"258\" height=\"169\" src=\"https:\/\/www.salon-agriculture.ma\/wp-content\/uploads\/2026\/03\/iam_maroctelecom.png\" class=\"attachment-large size-large wp-image-16604\" alt=\"\" srcset=\"https:\/\/www.salon-agriculture.ma\/wp-content\/uploads\/2026\/03\/iam_maroctelecom.png 258w, https:\/\/www.salon-agriculture.ma\/wp-content\/uploads\/2026\/03\/iam_maroctelecom-18x12.png 18w\" sizes=\"(max-width: 258px) 100vw, 258px\" \/>\t\t\t\t\t\t\t\t<\/a>\n\t\t\t\t\t\t\t\t\t\t\t\t\t\t\t<\/div>\n\t\t\t\t<\/div>\n\t\t\t\t<div class=\"elementor-element elementor-element-8d2dd64 elementor-widget elementor-widget-image\" data-id=\"8d2dd64\" data-element_type=\"widget\" data-e-type=\"widget\" data-widget_type=\"image.default\">\n\t\t\t\t<div class=\"elementor-widget-container\">\n\t\t\t\t\t\t\t\t\t\t\t\t\t\t\t\t<a href=\"https:\/\/www.mamda-mcma.ma\/\" target=\"_blank\">\n\t\t\t\t\t\t\t<img loading=\"lazy\" decoding=\"async\" width=\"258\" height=\"170\" src=\"https:\/\/www.salon-agriculture.ma\/wp-content\/uploads\/2025\/04\/Group-736-1.png\" class=\"attachment-large size-large wp-image-460\" alt=\"\" \/>\t\t\t\t\t\t\t\t<\/a>\n\t\t\t\t\t\t\t\t\t\t\t\t\t\t\t<\/div>\n\t\t\t\t<\/div>\n\t\t\t\t<\/div>\n\t\t<div class=\"elementor-element elementor-element-bb0835e e-con-full e-flex e-con e-child\" data-id=\"bb0835e\" data-element_type=\"container\" data-e-type=\"container\">\n\t\t\t\t<div class=\"elementor-element elementor-element-0f91ff3 elementor-widget__width-initial elementor-widget-divider--view-line elementor-widget elementor-widget-divider\" data-id=\"0f91ff3\" data-element_type=\"widget\" data-e-type=\"widget\" data-widget_type=\"divider.default\">\n\t\t\t\t<div class=\"elementor-widget-container\">\n\t\t\t\t\t\t\t<div class=\"elementor-divider\">\n\t\t\t<span class=\"elementor-divider-separator\">\n\t\t\t\t\t\t<\/span>\n\t\t<\/div>\n\t\t\t\t\t\t<\/div>\n\t\t\t\t<\/div>\n\t\t\t\t<div class=\"elementor-element elementor-element-4146a53 elementor-widget elementor-widget-heading\" data-id=\"4146a53\" data-element_type=\"widget\" data-e-type=\"widget\" data-widget_type=\"heading.default\">\n\t\t\t\t<div class=\"elementor-widget-container\">\n\t\t\t\t\t<div class=\"elementor-heading-title elementor-size-default\">Gold Sponsors<\/div>\t\t\t\t<\/div>\n\t\t\t\t<\/div>\n\t\t\t\t<div class=\"elementor-element elementor-element-9683506 elementor-widget__width-initial elementor-widget-divider--view-line elementor-widget elementor-widget-divider\" data-id=\"9683506\" data-element_type=\"widget\" data-e-type=\"widget\" data-widget_type=\"divider.default\">\n\t\t\t\t<div class=\"elementor-widget-container\">\n\t\t\t\t\t\t\t<div class=\"elementor-divider\">\n\t\t\t<span class=\"elementor-divider-separator\">\n\t\t\t\t\t\t<\/span>\n\t\t<\/div>\n\t\t\t\t\t\t<\/div>\n\t\t\t\t<\/div>\n\t\t\t\t<\/div>\n\t\t<div class=\"elementor-element elementor-element-bdf6c8e e-con-full e-flex e-con e-child\" data-id=\"bdf6c8e\" data-element_type=\"container\" data-e-type=\"container\">\n\t\t\t\t<div class=\"elementor-element elementor-element-57d2f8d elementor-widget elementor-widget-image\" data-id=\"57d2f8d\" data-element_type=\"widget\" data-e-type=\"widget\" data-widget_type=\"image.default\">\n\t\t\t\t<div class=\"elementor-widget-container\">\n\t\t\t\t\t\t\t\t\t\t\t\t\t\t\t\t<a href=\"https:\/\/www.ancfcc.gov.ma\/\" target=\"_blank\">\n\t\t\t\t\t\t\t<img loading=\"lazy\" decoding=\"async\" width=\"258\" height=\"170\" src=\"https:\/\/www.salon-agriculture.ma\/wp-content\/uploads\/2025\/04\/Group-737-1.png\" class=\"attachment-large size-large wp-image-471\" alt=\"\" \/>\t\t\t\t\t\t\t\t<\/a>\n\t\t\t\t\t\t\t\t\t\t\t\t\t\t\t<\/div>\n\t\t\t\t<\/div>\n\t\t\t\t<div class=\"elementor-element elementor-element-d493503 elementor-widget elementor-widget-image\" data-id=\"d493503\" data-element_type=\"widget\" data-e-type=\"widget\" data-widget_type=\"image.default\">\n\t\t\t\t<div class=\"elementor-widget-container\">\n\t\t\t\t\t\t\t\t\t\t\t\t\t\t\t\t<a href=\"https:\/\/sorec.ma\/\" target=\"_blank\">\n\t\t\t\t\t\t\t<img loading=\"lazy\" decoding=\"async\" width=\"258\" height=\"170\" src=\"https:\/\/www.salon-agriculture.ma\/wp-content\/uploads\/2025\/04\/Group-738-1.png\" class=\"attachment-large size-large wp-image-470\" alt=\"\" \/>\t\t\t\t\t\t\t\t<\/a>\n\t\t\t\t\t\t\t\t\t\t\t\t\t\t\t<\/div>\n\t\t\t\t<\/div>\n\t\t\t\t<div class=\"elementor-element elementor-element-a5a9d79 elementor-widget elementor-widget-image\" data-id=\"a5a9d79\" data-element_type=\"widget\" data-e-type=\"widget\" data-widget_type=\"image.default\">\n\t\t\t\t<div class=\"elementor-widget-container\">\n\t\t\t\t\t\t\t\t\t\t\t\t\t\t\t\t<a href=\"https:\/\/www.groupebcp.com\" target=\"_blank\">\n\t\t\t\t\t\t\t<img loading=\"lazy\" decoding=\"async\" width=\"258\" height=\"170\" src=\"https:\/\/www.salon-agriculture.ma\/wp-content\/uploads\/2025\/04\/Group-739-1.png\" class=\"attachment-large size-large wp-image-469\" alt=\"\" \/>\t\t\t\t\t\t\t\t<\/a>\n\t\t\t\t\t\t\t\t\t\t\t\t\t\t\t<\/div>\n\t\t\t\t<\/div>\n\t\t\t\t<div class=\"elementor-element elementor-element-0305494 elementor-widget elementor-widget-image\" data-id=\"0305494\" data-element_type=\"widget\" data-e-type=\"widget\" data-widget_type=\"image.default\">\n\t\t\t\t<div class=\"elementor-widget-container\">\n\t\t\t\t\t\t\t\t\t\t\t\t\t\t\t\t<a href=\"https:\/\/www.cdg.ma\/fr\" target=\"_blank\">\n\t\t\t\t\t\t\t<img loading=\"lazy\" decoding=\"async\" width=\"258\" height=\"170\" src=\"https:\/\/www.salon-agriculture.ma\/wp-content\/uploads\/2026\/04\/cdg.png\" class=\"attachment-large size-large wp-image-17166\" alt=\"\" srcset=\"https:\/\/www.salon-agriculture.ma\/wp-content\/uploads\/2026\/04\/cdg.png 258w, https:\/\/www.salon-agriculture.ma\/wp-content\/uploads\/2026\/04\/cdg-18x12.png 18w\" sizes=\"(max-width: 258px) 100vw, 258px\" \/>\t\t\t\t\t\t\t\t<\/a>\n\t\t\t\t\t\t\t\t\t\t\t\t\t\t\t<\/div>\n\t\t\t\t<\/div>\n\t\t\t\t<div class=\"elementor-element elementor-element-a65e544 elementor-widget elementor-widget-image\" data-id=\"a65e544\" data-element_type=\"widget\" data-e-type=\"widget\" data-widget_type=\"image.default\">\n\t\t\t\t<div class=\"elementor-widget-container\">\n\t\t\t\t\t\t\t\t\t\t\t\t\t\t\t\t<a href=\"https:\/\/www.cosumar.co.ma\/\" target=\"_blank\">\n\t\t\t\t\t\t\t<img loading=\"lazy\" decoding=\"async\" width=\"258\" height=\"170\" src=\"https:\/\/www.salon-agriculture.ma\/wp-content\/uploads\/2025\/04\/Group-742-1.png\" class=\"attachment-large size-large wp-image-472\" alt=\"\" \/>\t\t\t\t\t\t\t\t<\/a>\n\t\t\t\t\t\t\t\t\t\t\t\t\t\t\t<\/div>\n\t\t\t\t<\/div>\n\t\t\t\t<div class=\"elementor-element elementor-element-c0cc793 elementor-widget elementor-widget-image\" data-id=\"c0cc793\" data-element_type=\"widget\" data-e-type=\"widget\" data-widget_type=\"image.default\">\n\t\t\t\t<div class=\"elementor-widget-container\">\n\t\t\t\t\t\t\t\t\t\t\t\t\t\t\t\t<a href=\"https:\/\/cnss.ma\/fr\/content\/accueil\" target=\"_blank\">\n\t\t\t\t\t\t\t<img loading=\"lazy\" decoding=\"async\" width=\"258\" height=\"169\" src=\"https:\/\/www.salon-agriculture.ma\/wp-content\/uploads\/2026\/03\/cnss_maroc.png\" class=\"attachment-large size-large wp-image-16605\" alt=\"\" srcset=\"https:\/\/www.salon-agriculture.ma\/wp-content\/uploads\/2026\/03\/cnss_maroc.png 258w, https:\/\/www.salon-agriculture.ma\/wp-content\/uploads\/2026\/03\/cnss_maroc-18x12.png 18w\" sizes=\"(max-width: 258px) 100vw, 258px\" \/>\t\t\t\t\t\t\t\t<\/a>\n\t\t\t\t\t\t\t\t\t\t\t\t\t\t\t<\/div>\n\t\t\t\t<\/div>\n\t\t\t\t<\/div>\n\t\t\t\t<\/div>\n\t\t\t\t\t<\/div>\n\t\t\t\t<\/div>\n\t\t\t\t<\/div>","protected":false},"excerpt":{"rendered":"<p>Accueil Salon Nos Partenaires Nos Partenaires Acteurs cl\u00e9s de la r\u00e9ussite du SIAM, nos partenaires nous accompagnent pour faire de chaque \u00e9dition un \u00e9v\u00e9nement d\u2019envergure nationale et internationale. Nos Partenaires [&hellip;]<\/p>\n","protected":false},"author":1,"featured_media":0,"parent":0,"menu_order":0,"comment_status":"closed","ping_status":"closed","template":"elementor_header_footer","meta":{"inline_featured_image":false,"_price":"","_stock":"","_tribe_ticket_header":"","_tribe_default_ticket_provider":"Tribe__Tickets_Plus__Commerce__WooCommerce__Main","_tribe_ticket_capacity":"0","_ticket_start_date":"","_ticket_end_date":"","_tribe_ticket_show_description":"","_tribe_ticket_show_not_going":false,"_tribe_ticket_use_global_stock":"","_tribe_ticket_global_stock_level":"","_global_stock_mode":"","_global_stock_cap":"","_tribe_rsvp_for_event":"","_tribe_ticket_going_count":"","_tribe_ticket_not_going_count":"","_tribe_tickets_list":"[]","_tribe_ticket_has_attendee_info_fields":false,"footnotes":"","_tec_slr_enabled":"","_tec_slr_layout":""},"class_list":["post-663","page","type-page","status-publish","hentry"],"aioseo_notices":[],"jetpack_sharing_enabled":true,"ticketed":false,"_links":{"self":[{"href":"https:\/\/www.salon-agriculture.ma\/en\/wp-json\/wp\/v2\/pages\/663","targetHints":{"allow":["GET"]}}],"collection":[{"href":"https:\/\/www.salon-agriculture.ma\/en\/wp-json\/wp\/v2\/pages"}],"about":[{"href":"https:\/\/www.salon-agriculture.ma\/en\/wp-json\/wp\/v2\/types\/page"}],"author":[{"embeddable":true,"href":"https:\/\/www.salon-agriculture.ma\/en\/wp-json\/wp\/v2\/users\/1"}],"replies":[{"embeddable":true,"href":"https:\/\/www.salon-agriculture.ma\/en\/wp-json\/wp\/v2\/comments?post=663"}],"version-history":[{"count":34,"href":"https:\/\/www.salon-agriculture.ma\/en\/wp-json\/wp\/v2\/pages\/663\/revisions"}],"predecessor-version":[{"id":20953,"href":"https:\/\/www.salon-agriculture.ma\/en\/wp-json\/wp\/v2\/pages\/663\/revisions\/20953"}],"wp:attachment":[{"href":"https:\/\/www.salon-agriculture.ma\/en\/wp-json\/wp\/v2\/media?parent=663"}],"curies":[{"name":"wp","href":"https:\/\/api.w.org\/{rel}","templated":true}]}}