{"id":607,"date":"2024-10-08T12:43:12","date_gmt":"2024-10-08T12:43:12","guid":{"rendered":"https:\/\/salon-agriculture.ma\/siam25\/?page_id=607"},"modified":"2026-03-18T00:19:24","modified_gmt":"2026-03-18T00:19:24","slug":"sollicitude-royale","status":"publish","type":"page","link":"https:\/\/www.salon-agriculture.ma\/en\/sollicitude-royale\/","title":{"rendered":"Royal Solicitude"},"content":{"rendered":"<div data-elementor-type=\"wp-page\" data-elementor-id=\"607\" class=\"elementor elementor-607\" data-elementor-post-type=\"page\">\n\t\t\t\t<div class=\"elementor-element elementor-element-b5c17a8 e-flex e-con-boxed e-con e-parent\" data-id=\"b5c17a8\" data-element_type=\"container\" data-e-type=\"container\" data-settings=\"{&quot;background_background&quot;:&quot;classic&quot;}\">\n\t\t\t\t\t<div class=\"e-con-inner\">\n\t\t<div class=\"elementor-element elementor-element-0b406bf e-con-full e-flex e-con e-child\" data-id=\"0b406bf\" data-element_type=\"container\" data-e-type=\"container\">\n\t\t<div class=\"elementor-element elementor-element-1f14b4e e-con-full e-flex e-con e-child\" data-id=\"1f14b4e\" data-element_type=\"container\" data-e-type=\"container\">\n\t\t\t\t<div class=\"elementor-element elementor-element-11c27da breadcrumbhomebtn elementor-widget elementor-widget-button\" data-id=\"11c27da\" data-element_type=\"widget\" data-e-type=\"widget\" data-widget_type=\"button.default\">\n\t\t\t\t<div class=\"elementor-widget-container\">\n\t\t\t\t\t\t\t\t\t<div class=\"elementor-button-wrapper\">\n\t\t\t\t\t<a class=\"elementor-button elementor-button-link elementor-size-sm\" href=\"https:\/\/www.salon-agriculture.ma\/en\">\n\t\t\t\t\t\t<span class=\"elementor-button-content-wrapper\">\n\t\t\t\t\t\t<span class=\"elementor-button-icon\">\n\t\t\t\t<svg xmlns=\"http:\/\/www.w3.org\/2000\/svg\" width=\"11.336\" height=\"12.371\" viewbox=\"0 0 11.336 12.371\"><g id=\"breadcrumb_home\" data-name=\"breadcrumb home\" transform=\"translate(-1289.194 -441.422)\"><g id=\"Group_688\" data-name=\"Group 688\" transform=\"translate(1289.35 441.593)\"><path id=\"Path_6986\" data-name=\"Path 6986\" d=\"M1290.432,450.472q0-1.165,0-2.329c0-.369-.009-.381-.373-.381a.651.651,0,0,1-.609-.323.628.628,0,0,1,.122-.815c.34-.353.691-.7,1.038-1.044l3.662-3.663c.048-.048.1-.1.147-.142a.624.624,0,0,1,.9.022c.567.557,1.126,1.121,1.689,1.682q1.167,1.164,2.334,2.328c.285.285.57.571.849.862a.645.645,0,0,1-.472,1.086c-.511-.015-.423.124-.424.447q0,2.254,0,4.509c0,.068,0,.137,0,.2a.676.676,0,0,1-.716.717q-.978.018-1.956,0a.668.668,0,0,1-.724-.756q0-1.342,0-2.683c0-.3-.047-.344-.347-.344h-1.342c-.339,0-.378.038-.378.37q0,1.332,0,2.664a.664.664,0,0,1-.713.748q-.987.021-1.975,0a.675.675,0,0,1-.71-.758C1290.428,452.074,1290.432,451.273,1290.432,450.472Zm8.386,0c0-.484,0-.969,0-1.453,0-.372-.01-.746.018-1.117a.639.639,0,0,1,.672-.61c.133-.005.3.065.377-.116s-.1-.267-.194-.365q-2.283-2.288-4.573-4.568c-.239-.238-.288-.234-.524,0q-.83.841-1.667,1.676l-2.989,2.992c-.071.072-.144.142-.1.259s.145.121.247.12c.056,0,.112,0,.168,0a.646.646,0,0,1,.639.586,2.366,2.366,0,0,1,.018.315q0,2.329,0,4.658c0,.265.037.3.3.3q.913,0,1.826,0c.29,0,.322-.032.322-.321q0-1.341,0-2.683a.688.688,0,0,1,.772-.767q.736,0,1.472,0a.683.683,0,0,1,.756.764q0,1.351,0,2.7c0,.265.038.3.3.3q.913,0,1.826,0c.293,0,.323-.03.324-.318Q1298.818,451.655,1298.817,450.472Z\" transform=\"translate(-1289.35 -441.593)\" stroke=\"#000\" stroke-width=\"0.3\"><\/path><\/g><\/g><\/svg>\t\t\t<\/span>\n\t\t\t\t\t\t\t\t\t<span class=\"elementor-button-text\">Home<\/span>\n\t\t\t\t\t<\/span>\n\t\t\t\t\t<\/a>\n\t\t\t\t<\/div>\n\t\t\t\t\t\t\t\t<\/div>\n\t\t\t\t<\/div>\n\t\t\t\t<div class=\"elementor-element elementor-element-5f522b9 breadcrumbseperatoricon elementor-view-default elementor-widget elementor-widget-icon\" data-id=\"5f522b9\" data-element_type=\"widget\" data-e-type=\"widget\" data-widget_type=\"icon.default\">\n\t\t\t\t<div class=\"elementor-widget-container\">\n\t\t\t\t\t\t\t<div class=\"elementor-icon-wrapper\">\n\t\t\t<div class=\"elementor-icon\">\n\t\t\t<svg xmlns=\"http:\/\/www.w3.org\/2000\/svg\" width=\"5.25\" height=\"8.75\" viewbox=\"0 0 5.25 8.75\"><path id=\"breadcrumb_separator\" data-name=\"breadcrumb separator\" d=\"M4.413,4.606,8.092.746a.346.346,0,0,0,0-.478l0,0a.319.319,0,0,0-.462,0L4.162,3.9.7.263a.319.319,0,0,0-.462,0l0,0a.346.346,0,0,0,0,.478L3.912,4.606a.346.346,0,0,0,.5,0Z\" transform=\"translate(0.186 8.537) rotate(-90)\" fill=\"none\" stroke=\"#4b4b4b\" stroke-width=\"0.7\"><\/path><\/svg>\t\t\t<\/div>\n\t\t<\/div>\n\t\t\t\t\t\t<\/div>\n\t\t\t\t<\/div>\n\t\t\t\t<div class=\"elementor-element elementor-element-bb40900 elementor-widget elementor-widget-heading\" data-id=\"bb40900\" data-element_type=\"widget\" data-e-type=\"widget\" data-widget_type=\"heading.default\">\n\t\t\t\t<div class=\"elementor-widget-container\">\n\t\t\t\t\t<h2 class=\"elementor-heading-title elementor-size-default\">Royal Solicitude<\/h2>\t\t\t\t<\/div>\n\t\t\t\t<\/div>\n\t\t\t\t<\/div>\n\t\t<div class=\"elementor-element elementor-element-0b2b4a2 e-con-full e-flex e-con e-child\" data-id=\"0b2b4a2\" data-element_type=\"container\" data-e-type=\"container\">\n\t\t<div class=\"elementor-element elementor-element-5429318 e-con-full e-flex e-con e-child\" data-id=\"5429318\" data-element_type=\"container\" data-e-type=\"container\">\n\t\t\t\t<div class=\"elementor-element elementor-element-572e1b7 elementor-widget elementor-widget-heading\" data-id=\"572e1b7\" data-element_type=\"widget\" data-e-type=\"widget\" data-widget_type=\"heading.default\">\n\t\t\t\t<div class=\"elementor-widget-container\">\n\t\t\t\t\t<h1 class=\"elementor-heading-title elementor-size-default\">Royal Solicitude<\/h1>\t\t\t\t<\/div>\n\t\t\t\t<\/div>\n\t\t\t\t<div class=\"elementor-element elementor-element-c4260ec elementor-widget elementor-widget-text-editor\" data-id=\"c4260ec\" data-element_type=\"widget\" data-e-type=\"widget\" data-widget_type=\"text-editor.default\">\n\t\t\t\t<div class=\"elementor-widget-container\">\n\t\t\t\t\t\t\t\t\t<p>The SIAM, launched in 2006 by Royal Initiative and Will, continues to benefit from this high distinction. Previous editions of the fair have been inaugurated by His Majesty King Mohammed VI, may God assist Him, by His Royal Highness Crown Prince Moulay El Hassan, as well as by His Royal Highness Prince Moulay Rachid<\/p>\t\t\t\t\t\t\t\t<\/div>\n\t\t\t\t<\/div>\n\t\t\t\t<\/div>\n\t\t\t\t<div class=\"elementor-element elementor-element-2f3d4ef elementor-widget__width-initial elementor-widget elementor-widget-image\" data-id=\"2f3d4ef\" data-element_type=\"widget\" data-e-type=\"widget\" data-widget_type=\"image.default\">\n\t\t\t\t<div class=\"elementor-widget-container\">\n\t\t\t\t\t\t\t\t\t\t\t\t\t\t\t<img fetchpriority=\"high\" decoding=\"async\" width=\"387\" height=\"356\" src=\"https:\/\/www.salon-agriculture.ma\/wp-content\/uploads\/2025\/04\/Mask-Group-125.png\" class=\"attachment-large size-large wp-image-2459\" alt=\"\" srcset=\"https:\/\/www.salon-agriculture.ma\/wp-content\/uploads\/2025\/04\/Mask-Group-125.png 387w, https:\/\/www.salon-agriculture.ma\/wp-content\/uploads\/2025\/04\/Mask-Group-125-300x276.png 300w\" sizes=\"(max-width: 387px) 100vw, 387px\" \/>\t\t\t\t\t\t\t\t\t\t\t\t\t\t\t<\/div>\n\t\t\t\t<\/div>\n\t\t\t\t<\/div>\n\t\t\t\t<\/div>\n\t\t\t\t\t<\/div>\n\t\t\t\t<\/div>\n\t\t<div class=\"elementor-element elementor-element-fa70100 e-flex e-con-boxed e-con e-parent\" data-id=\"fa70100\" data-element_type=\"container\" data-e-type=\"container\">\n\t\t\t\t\t<div class=\"e-con-inner\">\n\t\t<div class=\"elementor-element elementor-element-97968fc e-con-full e-flex e-con e-child\" data-id=\"97968fc\" data-element_type=\"container\" data-e-type=\"container\">\n\t\t<div class=\"elementor-element elementor-element-9c603c6 e-con-full e-flex e-con e-child\" data-id=\"9c603c6\" data-element_type=\"container\" data-e-type=\"container\">\n\t\t\t\t<div class=\"elementor-element elementor-element-e419d62 elementor-widget elementor-widget-image\" data-id=\"e419d62\" data-element_type=\"widget\" data-e-type=\"widget\" data-widget_type=\"image.default\">\n\t\t\t\t<div class=\"elementor-widget-container\">\n\t\t\t\t\t\t\t\t\t\t\t\t\t\t\t<img decoding=\"async\" width=\"640\" height=\"428\" src=\"https:\/\/www.salon-agriculture.ma\/wp-content\/uploads\/2025\/04\/b1b7e6ce-2a77-4dd1-af87-340587aac590.jpg\" class=\"attachment-large size-large wp-image-13070\" alt=\"\" srcset=\"https:\/\/www.salon-agriculture.ma\/wp-content\/uploads\/2025\/04\/b1b7e6ce-2a77-4dd1-af87-340587aac590.jpg 917w, https:\/\/www.salon-agriculture.ma\/wp-content\/uploads\/2025\/04\/b1b7e6ce-2a77-4dd1-af87-340587aac590-300x201.jpg 300w, https:\/\/www.salon-agriculture.ma\/wp-content\/uploads\/2025\/04\/b1b7e6ce-2a77-4dd1-af87-340587aac590-768x513.jpg 768w, https:\/\/www.salon-agriculture.ma\/wp-content\/uploads\/2025\/04\/b1b7e6ce-2a77-4dd1-af87-340587aac590-600x401.jpg 600w\" sizes=\"(max-width: 640px) 100vw, 640px\" \/>\t\t\t\t\t\t\t\t\t\t\t\t\t\t\t<\/div>\n\t\t\t\t<\/div>\n\t\t\t\t<\/div>\n\t\t<div class=\"elementor-element elementor-element-3360195 e-con-full e-flex e-con e-child\" data-id=\"3360195\" data-element_type=\"container\" data-e-type=\"container\">\n\t\t\t\t<div class=\"elementor-element elementor-element-432f661 elementor-widget elementor-widget-heading\" data-id=\"432f661\" data-element_type=\"widget\" data-e-type=\"widget\" data-widget_type=\"heading.default\">\n\t\t\t\t<div class=\"elementor-widget-container\">\n\t\t\t\t\t<h2 class=\"elementor-heading-title elementor-size-default\">Under the High Patronage of His Majesty King Mohammed VI, may God assist Him<\/h2>\t\t\t\t<\/div>\n\t\t\t\t<\/div>\n\t\t\t\t<div class=\"elementor-element elementor-element-610c4b0 elementor-widget elementor-widget-text-editor\" data-id=\"610c4b0\" data-element_type=\"widget\" data-e-type=\"widget\" data-widget_type=\"text-editor.default\">\n\t\t\t\t<div class=\"elementor-widget-container\">\n\t\t\t\t\t\t\t\t\t<p>This special attention to SIAM, a true showcase and spearhead of Morocco\u2019s national agricultural strategies, reflects the Royal commitment to the agricultural sector. As a key pillar of the Kingdom\u2019s economy, agriculture plays a central role in rural development, ensures social stability, and stands as a guarantor of security for future generations.<\/p>\t\t\t\t\t\t\t\t<\/div>\n\t\t\t\t<\/div>\n\t\t\t\t<\/div>\n\t\t\t\t<\/div>\n\t\t\t\t\t<\/div>\n\t\t\t\t<\/div>\n\t\t<div class=\"elementor-element elementor-element-3c34e9d e-flex e-con-boxed e-con e-parent\" data-id=\"3c34e9d\" data-element_type=\"container\" data-e-type=\"container\">\n\t\t\t\t\t<div class=\"e-con-inner\">\n\t\t<div class=\"elementor-element elementor-element-da1a31e e-con-full e-flex e-con e-child\" data-id=\"da1a31e\" data-element_type=\"container\" data-e-type=\"container\" data-settings=\"{&quot;background_background&quot;:&quot;classic&quot;}\">\n\t\t<div class=\"elementor-element elementor-element-6bca99f e-con-full e-flex e-con e-child\" data-id=\"6bca99f\" data-element_type=\"container\" data-e-type=\"container\">\n\t\t\t\t<div class=\"elementor-element elementor-element-948ed91 elementor-widget elementor-widget-heading\" data-id=\"948ed91\" data-element_type=\"widget\" data-e-type=\"widget\" data-widget_type=\"heading.default\">\n\t\t\t\t<div class=\"elementor-widget-container\">\n\t\t\t\t\t<h2 class=\"elementor-heading-title elementor-size-default\">Reserve Your E-Ticket<\/h2>\t\t\t\t<\/div>\n\t\t\t\t<\/div>\n\t\t\t\t<div class=\"elementor-element elementor-element-231a911 elementor-widget elementor-widget-text-editor\" data-id=\"231a911\" data-element_type=\"widget\" data-e-type=\"widget\" data-widget_type=\"text-editor.default\">\n\t\t\t\t<div class=\"elementor-widget-container\">\n\t\t\t\t\t\t\t\t\tReserve your tickets online now for the International Agriculture Exhibition and enjoy an unforgettable experience!\t\t\t\t\t\t\t\t<\/div>\n\t\t\t\t<\/div>\n\t\t\t\t<div class=\"elementor-element elementor-element-fc2d543 green-cta-icon white elementor-widget elementor-widget-button\" data-id=\"fc2d543\" data-element_type=\"widget\" data-e-type=\"widget\" data-widget_type=\"button.default\">\n\t\t\t\t<div class=\"elementor-widget-container\">\n\t\t\t\t\t\t\t\t\t<div class=\"elementor-button-wrapper\">\n\t\t\t\t\t<a class=\"elementor-button elementor-button-link elementor-size-sm\" href=\"https:\/\/www.salon-agriculture.ma\/en\/e-ticket-siam-18eme-edition\/\">\n\t\t\t\t\t\t<span class=\"elementor-button-content-wrapper\">\n\t\t\t\t\t\t<span class=\"elementor-button-icon\">\n\t\t\t\t<svg xmlns=\"http:\/\/www.w3.org\/2000\/svg\" width=\"12.821\" height=\"12.821\" viewbox=\"0 0 12.821 12.821\"><g id=\"diagonal-arrow\" transform=\"translate(-1036.675 -430.086)\"><path id=\"Path_3401\" data-name=\"Path 3401\" d=\"M14,23.992,23.992,14m0,0H14m9.992,0v9.992\" transform=\"translate(1024.089 417.5)\" fill=\"none\" stroke=\"#009A4E\" stroke-linecap=\"round\" stroke-linejoin=\"round\" stroke-width=\"2\"><\/path><\/g><\/svg>\t\t\t<\/span>\n\t\t\t\t\t\t\t\t\t<span class=\"elementor-button-text\">Reserve Your Ticket<\/span>\n\t\t\t\t\t<\/span>\n\t\t\t\t\t<\/a>\n\t\t\t\t<\/div>\n\t\t\t\t\t\t\t\t<\/div>\n\t\t\t\t<\/div>\n\t\t\t\t<\/div>\n\t\t<div class=\"elementor-element elementor-element-45c564e e-con-full e-flex e-con e-child\" data-id=\"45c564e\" data-element_type=\"container\" data-e-type=\"container\">\n\t\t\t\t<div class=\"elementor-element elementor-element-6576472 elementor-widget elementor-widget-image\" data-id=\"6576472\" data-element_type=\"widget\" data-e-type=\"widget\" data-widget_type=\"image.default\">\n\t\t\t\t<div class=\"elementor-widget-container\">\n\t\t\t\t\t\t\t\t\t\t\t\t\t\t\t<img decoding=\"async\" width=\"479\" height=\"603\" src=\"https:\/\/www.salon-agriculture.ma\/wp-content\/uploads\/2025\/04\/Mask-Group-126-1.png\" class=\"attachment-large size-large wp-image-749\" alt=\"\" srcset=\"https:\/\/www.salon-agriculture.ma\/wp-content\/uploads\/2025\/04\/Mask-Group-126-1.png 479w, https:\/\/www.salon-agriculture.ma\/wp-content\/uploads\/2025\/04\/Mask-Group-126-1-238x300.png 238w\" sizes=\"(max-width: 479px) 100vw, 479px\" \/>\t\t\t\t\t\t\t\t\t\t\t\t\t\t\t<\/div>\n\t\t\t\t<\/div>\n\t\t\t\t<\/div>\n\t\t\t\t<\/div>\n\t\t\t\t\t<\/div>\n\t\t\t\t<\/div>\n\t\t\t\t<\/div>","protected":false},"excerpt":{"rendered":"<p>Accueil Sollicitude Royale Sollicitude Royale Le SIAM, lanc\u00e9 en 2006 par l\u2019Initiative et la Volont\u00e9 Royale, continue de b\u00e9n\u00e9ficier de cette haute distinction. Les \u00e9ditions pr\u00e9c\u00e9dentes du salon ont \u00e9t\u00e9 [&hellip;]<\/p>\n","protected":false},"author":1,"featured_media":0,"parent":0,"menu_order":0,"comment_status":"closed","ping_status":"closed","template":"elementor_header_footer","meta":{"inline_featured_image":false,"_price":"","_stock":"","_tribe_ticket_header":"","_tribe_default_ticket_provider":"","_tribe_ticket_capacity":"0","_ticket_start_date":"","_ticket_end_date":"","_tribe_ticket_show_description":"","_tribe_ticket_show_not_going":false,"_tribe_ticket_use_global_stock":"","_tribe_ticket_global_stock_level":"","_global_stock_mode":"","_global_stock_cap":"","_tribe_rsvp_for_event":"","_tribe_ticket_going_count":"","_tribe_ticket_not_going_count":"","_tribe_tickets_list":"[]","_tribe_ticket_has_attendee_info_fields":false,"footnotes":"","_tec_slr_enabled":"","_tec_slr_layout":""},"class_list":["post-607","page","type-page","status-publish","hentry"],"aioseo_notices":[],"jetpack_sharing_enabled":true,"ticketed":false,"_links":{"self":[{"href":"https:\/\/www.salon-agriculture.ma\/en\/wp-json\/wp\/v2\/pages\/607","targetHints":{"allow":["GET"]}}],"collection":[{"href":"https:\/\/www.salon-agriculture.ma\/en\/wp-json\/wp\/v2\/pages"}],"about":[{"href":"https:\/\/www.salon-agriculture.ma\/en\/wp-json\/wp\/v2\/types\/page"}],"author":[{"embeddable":true,"href":"https:\/\/www.salon-agriculture.ma\/en\/wp-json\/wp\/v2\/users\/1"}],"replies":[{"embeddable":true,"href":"https:\/\/www.salon-agriculture.ma\/en\/wp-json\/wp\/v2\/comments?post=607"}],"version-history":[{"count":32,"href":"https:\/\/www.salon-agriculture.ma\/en\/wp-json\/wp\/v2\/pages\/607\/revisions"}],"predecessor-version":[{"id":16594,"href":"https:\/\/www.salon-agriculture.ma\/en\/wp-json\/wp\/v2\/pages\/607\/revisions\/16594"}],"wp:attachment":[{"href":"https:\/\/www.salon-agriculture.ma\/en\/wp-json\/wp\/v2\/media?parent=607"}],"curies":[{"name":"wp","href":"https:\/\/api.w.org\/{rel}","templated":true}]}}