{"id":1081,"date":"2024-10-17T23:30:05","date_gmt":"2024-10-17T23:30:05","guid":{"rendered":"https:\/\/siam.dba.ma\/siam25\/?page_id=1081"},"modified":"2025-04-14T11:43:27","modified_gmt":"2025-04-14T10:43:27","slug":"videotheque","status":"publish","type":"page","link":"https:\/\/www.salon-agriculture.ma\/en\/videotheque\/","title":{"rendered":"Media Library"},"content":{"rendered":"\t\t<div data-elementor-type=\"wp-page\" data-elementor-id=\"1081\" class=\"elementor elementor-1081\" data-elementor-post-type=\"page\">\n\t\t\t\t<div class=\"elementor-element elementor-element-6160093 e-flex e-con-boxed e-con e-parent\" data-id=\"6160093\" data-element_type=\"container\" data-e-type=\"container\" data-settings=\"{&quot;background_background&quot;:&quot;classic&quot;}\">\n\t\t\t\t\t<div class=\"e-con-inner\">\n\t\t<div class=\"elementor-element elementor-element-6b34579 e-con-full e-flex e-con e-child\" data-id=\"6b34579\" data-element_type=\"container\" data-e-type=\"container\">\n\t\t<div class=\"elementor-element elementor-element-b766b54 e-con-full e-flex e-con e-child\" data-id=\"b766b54\" data-element_type=\"container\" data-e-type=\"container\">\n\t\t\t\t<div class=\"elementor-element elementor-element-9560101 breadcrumbhomebtn elementor-widget elementor-widget-button\" data-id=\"9560101\" data-element_type=\"widget\" data-e-type=\"widget\" data-widget_type=\"button.default\">\n\t\t\t\t<div class=\"elementor-widget-container\">\n\t\t\t\t\t\t\t\t\t<div class=\"elementor-button-wrapper\">\n\t\t\t\t\t<a class=\"elementor-button elementor-button-link elementor-size-sm\" href=\"https:\/\/www.salon-agriculture.ma\/en\">\n\t\t\t\t\t\t<span class=\"elementor-button-content-wrapper\">\n\t\t\t\t\t\t<span class=\"elementor-button-icon\">\n\t\t\t\t<svg xmlns=\"http:\/\/www.w3.org\/2000\/svg\" width=\"11.336\" height=\"12.371\" viewBox=\"0 0 11.336 12.371\"><g id=\"breadcrumb_home\" data-name=\"breadcrumb home\" transform=\"translate(-1289.194 -441.422)\"><g id=\"Group_688\" data-name=\"Group 688\" transform=\"translate(1289.35 441.593)\"><path id=\"Path_6986\" data-name=\"Path 6986\" d=\"M1290.432,450.472q0-1.165,0-2.329c0-.369-.009-.381-.373-.381a.651.651,0,0,1-.609-.323.628.628,0,0,1,.122-.815c.34-.353.691-.7,1.038-1.044l3.662-3.663c.048-.048.1-.1.147-.142a.624.624,0,0,1,.9.022c.567.557,1.126,1.121,1.689,1.682q1.167,1.164,2.334,2.328c.285.285.57.571.849.862a.645.645,0,0,1-.472,1.086c-.511-.015-.423.124-.424.447q0,2.254,0,4.509c0,.068,0,.137,0,.2a.676.676,0,0,1-.716.717q-.978.018-1.956,0a.668.668,0,0,1-.724-.756q0-1.342,0-2.683c0-.3-.047-.344-.347-.344h-1.342c-.339,0-.378.038-.378.37q0,1.332,0,2.664a.664.664,0,0,1-.713.748q-.987.021-1.975,0a.675.675,0,0,1-.71-.758C1290.428,452.074,1290.432,451.273,1290.432,450.472Zm8.386,0c0-.484,0-.969,0-1.453,0-.372-.01-.746.018-1.117a.639.639,0,0,1,.672-.61c.133-.005.3.065.377-.116s-.1-.267-.194-.365q-2.283-2.288-4.573-4.568c-.239-.238-.288-.234-.524,0q-.83.841-1.667,1.676l-2.989,2.992c-.071.072-.144.142-.1.259s.145.121.247.12c.056,0,.112,0,.168,0a.646.646,0,0,1,.639.586,2.366,2.366,0,0,1,.018.315q0,2.329,0,4.658c0,.265.037.3.3.3q.913,0,1.826,0c.29,0,.322-.032.322-.321q0-1.341,0-2.683a.688.688,0,0,1,.772-.767q.736,0,1.472,0a.683.683,0,0,1,.756.764q0,1.351,0,2.7c0,.265.038.3.3.3q.913,0,1.826,0c.293,0,.323-.03.324-.318Q1298.818,451.655,1298.817,450.472Z\" transform=\"translate(-1289.35 -441.593)\" stroke=\"#000\" stroke-width=\"0.3\"><\/path><\/g><\/g><\/svg>\t\t\t<\/span>\n\t\t\t\t\t\t\t\t\t<span class=\"elementor-button-text\">Accueil<\/span>\n\t\t\t\t\t<\/span>\n\t\t\t\t\t<\/a>\n\t\t\t\t<\/div>\n\t\t\t\t\t\t\t\t<\/div>\n\t\t\t\t<\/div>\n\t\t\t\t<div class=\"elementor-element elementor-element-508cc20 breadcrumbseperatoricon elementor-view-default elementor-widget elementor-widget-icon\" data-id=\"508cc20\" data-element_type=\"widget\" data-e-type=\"widget\" data-widget_type=\"icon.default\">\n\t\t\t\t<div class=\"elementor-widget-container\">\n\t\t\t\t\t\t\t<div class=\"elementor-icon-wrapper\">\n\t\t\t<div class=\"elementor-icon\">\n\t\t\t<svg xmlns=\"http:\/\/www.w3.org\/2000\/svg\" width=\"5.25\" height=\"8.75\" viewBox=\"0 0 5.25 8.75\"><path id=\"breadcrumb_separator\" data-name=\"breadcrumb separator\" d=\"M4.413,4.606,8.092.746a.346.346,0,0,0,0-.478l0,0a.319.319,0,0,0-.462,0L4.162,3.9.7.263a.319.319,0,0,0-.462,0l0,0a.346.346,0,0,0,0,.478L3.912,4.606a.346.346,0,0,0,.5,0Z\" transform=\"translate(0.186 8.537) rotate(-90)\" fill=\"none\" stroke=\"#4b4b4b\" stroke-width=\"0.7\"><\/path><\/svg>\t\t\t<\/div>\n\t\t<\/div>\n\t\t\t\t\t\t<\/div>\n\t\t\t\t<\/div>\n\t\t\t\t<div class=\"elementor-element elementor-element-cb2527a elementor-widget elementor-widget-heading\" data-id=\"cb2527a\" data-element_type=\"widget\" data-e-type=\"widget\" data-widget_type=\"heading.default\">\n\t\t\t\t<div class=\"elementor-widget-container\">\n\t\t\t\t\t<h2 class=\"elementor-heading-title elementor-size-default\">Vid\u00e9oth\u00e8que<\/h2>\t\t\t\t<\/div>\n\t\t\t\t<\/div>\n\t\t\t\t<\/div>\n\t\t<div class=\"elementor-element elementor-element-728c24b e-con-full e-flex e-con e-child\" data-id=\"728c24b\" data-element_type=\"container\" data-e-type=\"container\">\n\t\t<div class=\"elementor-element elementor-element-d888837 e-con-full e-flex e-con e-child\" data-id=\"d888837\" data-element_type=\"container\" data-e-type=\"container\">\n\t\t\t\t<div class=\"elementor-element elementor-element-c2a2a29 elementor-widget elementor-widget-heading\" data-id=\"c2a2a29\" data-element_type=\"widget\" data-e-type=\"widget\" data-widget_type=\"heading.default\">\n\t\t\t\t<div class=\"elementor-widget-container\">\n\t\t\t\t\t<h1 class=\"elementor-heading-title elementor-size-default\">Vid\u00e9oth\u00e8que<\/h1>\t\t\t\t<\/div>\n\t\t\t\t<\/div>\n\t\t\t\t<div class=\"elementor-element elementor-element-a68eb10 elementor-widget elementor-widget-text-editor\" data-id=\"a68eb10\" data-element_type=\"widget\" data-e-type=\"widget\" data-widget_type=\"text-editor.default\">\n\t\t\t\t<div class=\"elementor-widget-container\">\n\t\t\t\t\t\t\t\t\t<p>Le SIAM, lanc\u00e9 en 2006 par l\u2019Initiative et la Volont\u00e9 Royale, continue de b\u00e9n\u00e9ficier de cette haute distinction. Les \u00e9ditions pr\u00e9c\u00e9dentes du salon ont \u00e9t\u00e9 inaugur\u00e9es par Sa Majest\u00e9 le Roi Mohammed VI, que Dieu l\u2019assiste, par Son Altesse Royale le Prince Moulay Rachid, ainsi que par Son Altesse Royale le Prince H\u00e9ritier Moulay Al Hassan.<\/p>\t\t\t\t\t\t\t\t<\/div>\n\t\t\t\t<\/div>\n\t\t\t\t<\/div>\n\t\t\t\t<div class=\"elementor-element elementor-element-2821363 elementor-widget__width-initial elementor-widget elementor-widget-image\" data-id=\"2821363\" data-element_type=\"widget\" data-e-type=\"widget\" data-widget_type=\"image.default\">\n\t\t\t\t<div class=\"elementor-widget-container\">\n\t\t\t\t\t\t\t\t\t\t\t\t\t\t\t<img decoding=\"async\" src=\"https:\/\/www.salon-agriculture.ma\/\/wp-content\/uploads\/2025\/04\/Mask-Group-128-2.jpg\" title=\"\" alt=\"\" loading=\"lazy\" \/>\t\t\t\t\t\t\t\t\t\t\t\t\t\t\t<\/div>\n\t\t\t\t<\/div>\n\t\t\t\t<\/div>\n\t\t\t\t<\/div>\n\t\t\t\t\t<\/div>\n\t\t\t\t<\/div>\n\t\t<div class=\"elementor-element elementor-element-6418017 e-flex e-con-boxed e-con e-parent\" data-id=\"6418017\" data-element_type=\"container\" data-e-type=\"container\">\n\t\t\t\t\t<div class=\"e-con-inner\">\n\t\t<div class=\"elementor-element elementor-element-2fdaad2 e-con-full e-flex e-con e-child\" data-id=\"2fdaad2\" data-element_type=\"container\" data-e-type=\"container\">\n\t\t\t\t<div class=\"elementor-element elementor-element-bbf139b elementor-widget elementor-widget-text-editor\" data-id=\"bbf139b\" data-element_type=\"widget\" data-e-type=\"widget\" data-widget_type=\"text-editor.default\">\n\t\t\t\t<div class=\"elementor-widget-container\">\n\t\t\t\t\t\t\t\t\t<p><div id=\"sb_youtube_sbyUCWtl79VCqzE685UKN3uW7w9\" \n\t class=\"sb_youtube sby_layout_grid sby_col_3 sby_mob_col_2 sby_palette_inherit  sby_width_resp\" \n\tdata-feedid=\"sby_UCWtl79VCqzE685UKN3u-W7w#9\" \n\tdata-shortcode-atts=\"{&quot;feed&quot;:&quot;1&quot;}\" \n\tdata-cols=\"3\" \n\tdata-colsmobile=\"2\" \n\tdata-num=\"9\" \n\tdata-nummobile=\"9\" \n\tdata-channel-subscribers=\"500 abonn\u00e9es et abonn\u00e9s\"\tdata-subscribe-btn=\"1\" \n\tdata-subscribe-btn-text=\"S&#039;abonner\" \n\tdata_channel_header_colors =\"{&quot;channelName&quot;:&quot;&quot;,&quot;subscribeCount&quot;:&quot;&quot;,&quot;buttonBackground&quot;:&quot;&quot;,&quot;buttonText&quot;:&quot;&quot;}\"\n\t data-sby-flags=\"resizeDisable\" data-postid=\"1081\" data-sby-supports-lightbox=\"1\" \n\t data-videocardlayout=\"vertical\" \n><\/p>\n<div class=\"sby_items_wrap\" style=\"padding: 5px;\">\n\t\t    <\/div>\n<div id=\"sby_mod_error\">\n\t\t\t\t<span>This error message is only visible to WordPress admins<\/span><\/p>\n<p><b>Cannot collect videos from this channel. Please make sure this is a valid channel ID.<\/b><\/p>\n<p><b>Error: No feed found with the ID 1.<\/b><\/p>\n<p>Go to the All Feeds page and select an ID from an existing feed.<\/p>\n<\/p><\/div>\n<\/div>\n<style type=\"text\/css\">body #sb_youtube_sbyUCWtl79VCqzE685UKN3uW7w9 .sby_caption_wrap .sby_caption { font-size: 13px !important}body #sb_youtube_sbyUCWtl79VCqzE685UKN3uW7w9[data-videostyle=boxed] .sby_items_wrap .sby_item .sby_inner_item { background-color: #ffffff !important}<\/style><\/p>\n\n<p>\u00a0<\/p>\n\t\t\t\t\t\t\t\t<\/div>\n\t\t\t\t<\/div>\n\t\t\t\t<\/div>\n\t\t\t\t\t<\/div>\n\t\t\t\t<\/div>\n\t\t\t\t<\/div>\n\t\t","protected":false},"excerpt":{"rendered":"<p>Accueil Vid\u00e9oth\u00e8que Vid\u00e9oth\u00e8que Le SIAM, lanc\u00e9 en 2006 par l\u2019Initiative et la Volont\u00e9 Royale, continue de b\u00e9n\u00e9ficier de cette haute distinction. Les \u00e9ditions pr\u00e9c\u00e9dentes du salon ont \u00e9t\u00e9 inaugur\u00e9es par [&hellip;]<\/p>\n","protected":false},"author":1,"featured_media":0,"parent":0,"menu_order":0,"comment_status":"closed","ping_status":"closed","template":"elementor_header_footer","meta":{"inline_featured_image":false,"_price":"","_stock":"","_tribe_ticket_header":"","_tribe_default_ticket_provider":"Tribe__Tickets_Plus__Commerce__WooCommerce__Main","_tribe_ticket_capacity":"0","_ticket_start_date":"","_ticket_end_date":"","_tribe_ticket_show_description":"","_tribe_ticket_show_not_going":false,"_tribe_ticket_use_global_stock":"","_tribe_ticket_global_stock_level":"","_global_stock_mode":"","_global_stock_cap":"","_tribe_rsvp_for_event":"","_tribe_ticket_going_count":"","_tribe_ticket_not_going_count":"","_tribe_tickets_list":"[]","_tribe_ticket_has_attendee_info_fields":false,"footnotes":"","_tec_slr_enabled":"","_tec_slr_layout":""},"class_list":["post-1081","page","type-page","status-publish","hentry"],"aioseo_notices":[],"jetpack_sharing_enabled":true,"ticketed":false,"_links":{"self":[{"href":"https:\/\/www.salon-agriculture.ma\/en\/wp-json\/wp\/v2\/pages\/1081","targetHints":{"allow":["GET"]}}],"collection":[{"href":"https:\/\/www.salon-agriculture.ma\/en\/wp-json\/wp\/v2\/pages"}],"about":[{"href":"https:\/\/www.salon-agriculture.ma\/en\/wp-json\/wp\/v2\/types\/page"}],"author":[{"embeddable":true,"href":"https:\/\/www.salon-agriculture.ma\/en\/wp-json\/wp\/v2\/users\/1"}],"replies":[{"embeddable":true,"href":"https:\/\/www.salon-agriculture.ma\/en\/wp-json\/wp\/v2\/comments?post=1081"}],"version-history":[{"count":21,"href":"https:\/\/www.salon-agriculture.ma\/en\/wp-json\/wp\/v2\/pages\/1081\/revisions"}],"predecessor-version":[{"id":3687,"href":"https:\/\/www.salon-agriculture.ma\/en\/wp-json\/wp\/v2\/pages\/1081\/revisions\/3687"}],"wp:attachment":[{"href":"https:\/\/www.salon-agriculture.ma\/en\/wp-json\/wp\/v2\/media?parent=1081"}],"curies":[{"name":"wp","href":"https:\/\/api.w.org\/{rel}","templated":true}]}}