{"id":1069,"date":"2024-10-17T22:48:55","date_gmt":"2024-10-17T22:48:55","guid":{"rendered":"https:\/\/siam.dba.ma\/siam25\/?page_id=1069"},"modified":"2025-05-21T18:45:34","modified_gmt":"2025-05-21T17:45:34","slug":"catalogue-exposant","status":"publish","type":"page","link":"https:\/\/www.salon-agriculture.ma\/en\/catalogue-exposant\/","title":{"rendered":"Exhibitor Catalogue"},"content":{"rendered":"<div data-elementor-type=\"wp-page\" data-elementor-id=\"1069\" class=\"elementor elementor-1069\" data-elementor-post-type=\"page\">\n\t\t\t\t<div class=\"elementor-element elementor-element-a4028d4 e-flex e-con-boxed e-con e-parent\" data-id=\"a4028d4\" data-element_type=\"container\" data-e-type=\"container\" data-settings=\"{&quot;background_background&quot;:&quot;classic&quot;}\">\n\t\t\t\t\t<div class=\"e-con-inner\">\n\t\t<div class=\"elementor-element elementor-element-4fb9706 e-con-full e-flex e-con e-child\" data-id=\"4fb9706\" data-element_type=\"container\" data-e-type=\"container\">\n\t\t<div class=\"elementor-element elementor-element-06d6876 e-con-full e-flex e-con e-child\" data-id=\"06d6876\" data-element_type=\"container\" data-e-type=\"container\">\n\t\t\t\t<div class=\"elementor-element elementor-element-b314029 breadcrumbhomebtn elementor-widget elementor-widget-button\" data-id=\"b314029\" data-element_type=\"widget\" data-e-type=\"widget\" data-widget_type=\"button.default\">\n\t\t\t\t<div class=\"elementor-widget-container\">\n\t\t\t\t\t\t\t\t\t<div class=\"elementor-button-wrapper\">\n\t\t\t\t\t<a class=\"elementor-button elementor-button-link elementor-size-sm\" href=\"https:\/\/www.salon-agriculture.ma\/en\">\n\t\t\t\t\t\t<span class=\"elementor-button-content-wrapper\">\n\t\t\t\t\t\t<span class=\"elementor-button-icon\">\n\t\t\t\t<svg xmlns=\"http:\/\/www.w3.org\/2000\/svg\" width=\"11.336\" height=\"12.371\" viewbox=\"0 0 11.336 12.371\"><g id=\"breadcrumb_home\" data-name=\"breadcrumb home\" transform=\"translate(-1289.194 -441.422)\"><g id=\"Group_688\" data-name=\"Group 688\" transform=\"translate(1289.35 441.593)\"><path id=\"Path_6986\" data-name=\"Path 6986\" d=\"M1290.432,450.472q0-1.165,0-2.329c0-.369-.009-.381-.373-.381a.651.651,0,0,1-.609-.323.628.628,0,0,1,.122-.815c.34-.353.691-.7,1.038-1.044l3.662-3.663c.048-.048.1-.1.147-.142a.624.624,0,0,1,.9.022c.567.557,1.126,1.121,1.689,1.682q1.167,1.164,2.334,2.328c.285.285.57.571.849.862a.645.645,0,0,1-.472,1.086c-.511-.015-.423.124-.424.447q0,2.254,0,4.509c0,.068,0,.137,0,.2a.676.676,0,0,1-.716.717q-.978.018-1.956,0a.668.668,0,0,1-.724-.756q0-1.342,0-2.683c0-.3-.047-.344-.347-.344h-1.342c-.339,0-.378.038-.378.37q0,1.332,0,2.664a.664.664,0,0,1-.713.748q-.987.021-1.975,0a.675.675,0,0,1-.71-.758C1290.428,452.074,1290.432,451.273,1290.432,450.472Zm8.386,0c0-.484,0-.969,0-1.453,0-.372-.01-.746.018-1.117a.639.639,0,0,1,.672-.61c.133-.005.3.065.377-.116s-.1-.267-.194-.365q-2.283-2.288-4.573-4.568c-.239-.238-.288-.234-.524,0q-.83.841-1.667,1.676l-2.989,2.992c-.071.072-.144.142-.1.259s.145.121.247.12c.056,0,.112,0,.168,0a.646.646,0,0,1,.639.586,2.366,2.366,0,0,1,.018.315q0,2.329,0,4.658c0,.265.037.3.3.3q.913,0,1.826,0c.29,0,.322-.032.322-.321q0-1.341,0-2.683a.688.688,0,0,1,.772-.767q.736,0,1.472,0a.683.683,0,0,1,.756.764q0,1.351,0,2.7c0,.265.038.3.3.3q.913,0,1.826,0c.293,0,.323-.03.324-.318Q1298.818,451.655,1298.817,450.472Z\" transform=\"translate(-1289.35 -441.593)\" stroke=\"#000\" stroke-width=\"0.3\"><\/path><\/g><\/g><\/svg>\t\t\t<\/span>\n\t\t\t\t\t\t\t\t\t<span class=\"elementor-button-text\">Home<\/span>\n\t\t\t\t\t<\/span>\n\t\t\t\t\t<\/a>\n\t\t\t\t<\/div>\n\t\t\t\t\t\t\t\t<\/div>\n\t\t\t\t<\/div>\n\t\t\t\t<div class=\"elementor-element elementor-element-5c652fe breadcrumbseperatoricon elementor-view-default elementor-widget elementor-widget-icon\" data-id=\"5c652fe\" data-element_type=\"widget\" data-e-type=\"widget\" data-widget_type=\"icon.default\">\n\t\t\t\t<div class=\"elementor-widget-container\">\n\t\t\t\t\t\t\t<div class=\"elementor-icon-wrapper\">\n\t\t\t<div class=\"elementor-icon\">\n\t\t\t<svg xmlns=\"http:\/\/www.w3.org\/2000\/svg\" width=\"5.25\" height=\"8.75\" viewbox=\"0 0 5.25 8.75\"><path id=\"breadcrumb_separator\" data-name=\"breadcrumb separator\" d=\"M4.413,4.606,8.092.746a.346.346,0,0,0,0-.478l0,0a.319.319,0,0,0-.462,0L4.162,3.9.7.263a.319.319,0,0,0-.462,0l0,0a.346.346,0,0,0,0,.478L3.912,4.606a.346.346,0,0,0,.5,0Z\" transform=\"translate(0.186 8.537) rotate(-90)\" fill=\"none\" stroke=\"#4b4b4b\" stroke-width=\"0.7\"><\/path><\/svg>\t\t\t<\/div>\n\t\t<\/div>\n\t\t\t\t\t\t<\/div>\n\t\t\t\t<\/div>\n\t\t\t\t<div class=\"elementor-element elementor-element-f6349f8 breadcrumbhomebtn elementor-widget elementor-widget-button\" data-id=\"f6349f8\" data-element_type=\"widget\" data-e-type=\"widget\" data-widget_type=\"button.default\">\n\t\t\t\t<div class=\"elementor-widget-container\">\n\t\t\t\t\t\t\t\t\t<div class=\"elementor-button-wrapper\">\n\t\t\t\t\t<a class=\"elementor-button elementor-button-link elementor-size-sm\" href=\"https:\/\/www.salon-agriculture.ma\/en\">\n\t\t\t\t\t\t<span class=\"elementor-button-content-wrapper\">\n\t\t\t\t\t\t\t\t\t<span class=\"elementor-button-text\">salon <\/span>\n\t\t\t\t\t<\/span>\n\t\t\t\t\t<\/a>\n\t\t\t\t<\/div>\n\t\t\t\t\t\t\t\t<\/div>\n\t\t\t\t<\/div>\n\t\t\t\t<div class=\"elementor-element elementor-element-8e3cb3d breadcrumbseperatoricon elementor-view-default elementor-widget elementor-widget-icon\" data-id=\"8e3cb3d\" data-element_type=\"widget\" data-e-type=\"widget\" data-widget_type=\"icon.default\">\n\t\t\t\t<div class=\"elementor-widget-container\">\n\t\t\t\t\t\t\t<div class=\"elementor-icon-wrapper\">\n\t\t\t<div class=\"elementor-icon\">\n\t\t\t<svg xmlns=\"http:\/\/www.w3.org\/2000\/svg\" width=\"5.25\" height=\"8.75\" viewbox=\"0 0 5.25 8.75\"><path id=\"breadcrumb_separator\" data-name=\"breadcrumb separator\" d=\"M4.413,4.606,8.092.746a.346.346,0,0,0,0-.478l0,0a.319.319,0,0,0-.462,0L4.162,3.9.7.263a.319.319,0,0,0-.462,0l0,0a.346.346,0,0,0,0,.478L3.912,4.606a.346.346,0,0,0,.5,0Z\" transform=\"translate(0.186 8.537) rotate(-90)\" fill=\"none\" stroke=\"#4b4b4b\" stroke-width=\"0.7\"><\/path><\/svg>\t\t\t<\/div>\n\t\t<\/div>\n\t\t\t\t\t\t<\/div>\n\t\t\t\t<\/div>\n\t\t\t\t<div class=\"elementor-element elementor-element-def983b elementor-widget elementor-widget-heading\" data-id=\"def983b\" data-element_type=\"widget\" data-e-type=\"widget\" data-widget_type=\"heading.default\">\n\t\t\t\t<div class=\"elementor-widget-container\">\n\t\t\t\t\t<h2 class=\"elementor-heading-title elementor-size-default\">Exhibitor Catalogue<\/h2>\t\t\t\t<\/div>\n\t\t\t\t<\/div>\n\t\t\t\t<\/div>\n\t\t<div class=\"elementor-element elementor-element-65a47f5 e-con-full e-flex e-con e-child\" data-id=\"65a47f5\" data-element_type=\"container\" data-e-type=\"container\">\n\t\t<div class=\"elementor-element elementor-element-5e1108f e-con-full e-flex e-con e-child\" data-id=\"5e1108f\" data-element_type=\"container\" data-e-type=\"container\">\n\t\t\t\t<div class=\"elementor-element elementor-element-08c6c3d elementor-widget elementor-widget-heading\" data-id=\"08c6c3d\" data-element_type=\"widget\" data-e-type=\"widget\" data-widget_type=\"heading.default\">\n\t\t\t\t<div class=\"elementor-widget-container\">\n\t\t\t\t\t<h1 class=\"elementor-heading-title elementor-size-default\">Exhibitor Catalogue<\/h1>\t\t\t\t<\/div>\n\t\t\t\t<\/div>\n\t\t\t\t<div class=\"elementor-element elementor-element-2dbe5a9 elementor-widget elementor-widget-text-editor\" data-id=\"2dbe5a9\" data-element_type=\"widget\" data-e-type=\"widget\" data-widget_type=\"text-editor.default\">\n\t\t\t\t<div class=\"elementor-widget-container\">\n\t\t\t\t\t\t\t\t\t<p>These catalogues are valuable resources for discovering the companies and innovations that have shaped the various editions of the Exhibition.<\/p>\t\t\t\t\t\t\t\t<\/div>\n\t\t\t\t<\/div>\n\t\t\t\t<\/div>\n\t\t\t\t<div class=\"elementor-element elementor-element-12be53a elementor-widget__width-initial elementor-widget elementor-widget-image\" data-id=\"12be53a\" data-element_type=\"widget\" data-e-type=\"widget\" data-widget_type=\"image.default\">\n\t\t\t\t<div class=\"elementor-widget-container\">\n\t\t\t\t\t\t\t\t\t\t\t\t\t\t\t<img fetchpriority=\"high\" decoding=\"async\" width=\"387\" height=\"356\" src=\"https:\/\/www.salon-agriculture.ma\/wp-content\/uploads\/2025\/05\/catalogue-siam-2025.png\" class=\"attachment-large size-large wp-image-16000\" alt=\"\" srcset=\"https:\/\/www.salon-agriculture.ma\/wp-content\/uploads\/2025\/05\/catalogue-siam-2025.png 387w, https:\/\/www.salon-agriculture.ma\/wp-content\/uploads\/2025\/05\/catalogue-siam-2025-300x276.png 300w, https:\/\/www.salon-agriculture.ma\/wp-content\/uploads\/2025\/05\/catalogue-siam-2025-13x12.png 13w\" sizes=\"(max-width: 387px) 100vw, 387px\" \/>\t\t\t\t\t\t\t\t\t\t\t\t\t\t\t<\/div>\n\t\t\t\t<\/div>\n\t\t\t\t<\/div>\n\t\t\t\t<\/div>\n\t\t\t\t\t<\/div>\n\t\t\t\t<\/div>\n\t\t<div class=\"elementor-element elementor-element-3621e6ae e-flex e-con-boxed e-con e-parent\" data-id=\"3621e6ae\" data-element_type=\"container\" data-e-type=\"container\">\n\t\t\t\t\t<div class=\"e-con-inner\">\n\t\t<div class=\"elementor-element elementor-element-e60693e e-con-full e-flex e-con e-child\" data-id=\"e60693e\" data-element_type=\"container\" data-e-type=\"container\">\n\t\t\t\t<div class=\"elementor-element elementor-element-48460e2a elementor-widget elementor-widget-text-editor\" data-id=\"48460e2a\" data-element_type=\"widget\" data-e-type=\"widget\" data-widget_type=\"text-editor.default\">\n\t\t\t\t<div class=\"elementor-widget-container\">\n\t\t\t\t\t\t\t\t\t<p><div class=\"woocommerce columns-2\"><ul class=\"products columns-2\">\n<li class=\"product type-product post-15955 status-publish first instock product_cat-catalogues product_tag-catalogue-exposant product_tag-catalogue-exposant-siam product_tag-catalogue-officiel-siam product_tag-catalogue-siam has-post-thumbnail downloadable shipping-taxable purchasable product-type-simple\">\n\t<a href=\"https:\/\/www.salon-agriculture.ma\/en\/product\/catalogue-exposant-edition-2025\/\" class=\"woocommerce-LoopProduct-link woocommerce-loop-product__link\"><img decoding=\"async\" width=\"300\" height=\"300\" src=\"https:\/\/www.salon-agriculture.ma\/wp-content\/uploads\/2025\/05\/wmremove-transformed-300x300.jpeg\" class=\"attachment-woocommerce_thumbnail size-woocommerce_thumbnail\" alt=\"Catalogue Exposant \u00c9dition 2025\" srcset=\"https:\/\/www.salon-agriculture.ma\/wp-content\/uploads\/2025\/05\/wmremove-transformed-300x300.jpeg 300w, https:\/\/www.salon-agriculture.ma\/wp-content\/uploads\/2025\/05\/wmremove-transformed-150x150.jpeg 150w, https:\/\/www.salon-agriculture.ma\/wp-content\/uploads\/2025\/05\/wmremove-transformed-100x100.jpeg 100w\" sizes=\"(max-width: 300px) 100vw, 300px\" \/><h2 class=\"woocommerce-loop-product__title\">Catalogue Exposant \u00c9dition 2025<\/h2>\n\t<span class=\"price\"><span class=\"woocommerce-Price-amount amount\"><bdi>200,00&nbsp;<span class=\"woocommerce-Price-currencySymbol\">Dhs<\/span><\/bdi><\/span><\/span>\n<\/a><a href=\"\/en\/wp-json\/wp\/v2\/pages\/1069?add-to-cart=15955\" aria-describedby=\"woocommerce_loop_add_to_cart_link_describedby_15955\" data-quantity=\"1\" class=\"button product_type_simple add_to_cart_button ajax_add_to_cart\" data-product_id=\"15955\" data-product_sku=\"\" aria-label=\"Add to cart: \u201cCatalogue Exposant \u00c9dition 2025\u201d\" rel=\"nofollow\" data-success_message=\"\u201cCatalogue Exposant \u00c9dition 2025\u201d has been added to your cart\" data-no-translation=\"\" data-trp-gettext=\"\" data-no-translation-aria-label=\"\" data-no-translation-data-success_message=\"\">Add to cart<\/a>\t<span id=\"woocommerce_loop_add_to_cart_link_describedby_15955\" class=\"screen-reader-text\">\n\t\t\t<\/span>\n<\/li>\n<li class=\"product type-product post-829 status-publish last instock product_cat-catalogues product_tag-catalogue-exposant product_tag-catalogue-exposant-siam product_tag-catalogue-officiel-siam product_tag-catalogue-siam product_tag-catalogue-siam-2024 has-post-thumbnail sale downloadable shipping-taxable purchasable product-type-simple\">\n\t<a href=\"https:\/\/www.salon-agriculture.ma\/en\/product\/catalogue-exposant-edition-2024\/\" class=\"woocommerce-LoopProduct-link woocommerce-loop-product__link\">\n\t<span class=\"onsale\" data-no-translation=\"\" data-trp-gettext=\"\">Sale!<\/span>\n\t<img decoding=\"async\" width=\"300\" height=\"300\" src=\"https:\/\/www.salon-agriculture.ma\/wp-content\/uploads\/2024\/10\/catalogue24-300x300.jpg\" class=\"attachment-woocommerce_thumbnail size-woocommerce_thumbnail\" alt=\"Exhibitor Catalogue \u2013 2024 Edition\" srcset=\"https:\/\/www.salon-agriculture.ma\/wp-content\/uploads\/2024\/10\/catalogue24-300x300.jpg 300w, https:\/\/www.salon-agriculture.ma\/wp-content\/uploads\/2024\/10\/catalogue24-150x150.jpg 150w, https:\/\/www.salon-agriculture.ma\/wp-content\/uploads\/2024\/10\/catalogue24-100x100.jpg 100w, https:\/\/www.salon-agriculture.ma\/wp-content\/uploads\/2024\/10\/catalogue24.jpg 600w\" sizes=\"(max-width: 300px) 100vw, 300px\" \/><h2 class=\"woocommerce-loop-product__title\">Exhibitor Catalogue \u2013 2024 Edition<\/h2>\n\t<span class=\"price\"><del aria-hidden=\"true\"><span class=\"woocommerce-Price-amount amount\"><bdi>200,00&nbsp;<span class=\"woocommerce-Price-currencySymbol\">Dhs<\/span><\/bdi><\/span><\/del> <span class=\"screen-reader-text\" data-no-translation=\"\" data-trp-gettext=\"\">Original price was: 200,00&nbsp;Dhs.<\/span><ins aria-hidden=\"true\"><span class=\"woocommerce-Price-amount amount\"><bdi>100,00&nbsp;<span class=\"woocommerce-Price-currencySymbol\">Dhs<\/span><\/bdi><\/span><\/ins><span class=\"screen-reader-text\" data-no-translation=\"\" data-trp-gettext=\"\">Current price is: 100,00&nbsp;Dhs.<\/span><\/span>\n<\/a><a href=\"\/en\/wp-json\/wp\/v2\/pages\/1069?add-to-cart=829\" aria-describedby=\"woocommerce_loop_add_to_cart_link_describedby_829\" data-quantity=\"1\" class=\"button product_type_simple add_to_cart_button ajax_add_to_cart\" data-product_id=\"829\" data-product_sku=\"\" aria-label=\"Add to cart: \u201cCatalogue Exposant \u00c9dition 2024\u201d\" rel=\"nofollow\" data-success_message=\"\u201cCatalogue Exposant \u00c9dition 2024\u201d has been added to your cart\" data-no-translation=\"\" data-trp-gettext=\"\" data-no-translation-aria-label=\"\" data-no-translation-data-success_message=\"\">Add to cart<\/a>\t<span id=\"woocommerce_loop_add_to_cart_link_describedby_829\" class=\"screen-reader-text\">\n\t\t\t<\/span>\n<\/li>\n<li class=\"product type-product post-1065 status-publish first instock product_cat-catalogues product_tag-catalogue-exposant product_tag-catalogue-exposant-siam product_tag-catalogue-officiel-siam product_tag-catalogue-siam has-post-thumbnail sale downloadable purchasable product-type-simple\">\n\t<a href=\"https:\/\/www.salon-agriculture.ma\/en\/product\/catalogue-siam-15eme-edition\/\" class=\"woocommerce-LoopProduct-link woocommerce-loop-product__link\">\n\t<span class=\"onsale\" data-no-translation=\"\" data-trp-gettext=\"\">Sale!<\/span>\n\t<img loading=\"lazy\" decoding=\"async\" width=\"300\" height=\"300\" src=\"https:\/\/www.salon-agriculture.ma\/wp-content\/uploads\/2024\/10\/catalogue15eme-300x300.jpg\" class=\"attachment-woocommerce_thumbnail size-woocommerce_thumbnail\" alt=\"SIAM 2023 Catalogue\" srcset=\"https:\/\/www.salon-agriculture.ma\/wp-content\/uploads\/2024\/10\/catalogue15eme-300x300.jpg 300w, https:\/\/www.salon-agriculture.ma\/wp-content\/uploads\/2024\/10\/catalogue15eme-150x150.jpg 150w, https:\/\/www.salon-agriculture.ma\/wp-content\/uploads\/2024\/10\/catalogue15eme-100x100.jpg 100w\" sizes=\"(max-width: 300px) 100vw, 300px\" \/><h2 class=\"woocommerce-loop-product__title\">SIAM 2023 Catalogue<\/h2>\n\t<span class=\"price\"><del aria-hidden=\"true\"><span class=\"woocommerce-Price-amount amount\"><bdi>100,00&nbsp;<span class=\"woocommerce-Price-currencySymbol\">Dhs<\/span><\/bdi><\/span><\/del> <span class=\"screen-reader-text\" data-no-translation=\"\" data-trp-gettext=\"\">Original price was: 100,00&nbsp;Dhs.<\/span><ins aria-hidden=\"true\"><span class=\"woocommerce-Price-amount amount\"><bdi>50,00&nbsp;<span class=\"woocommerce-Price-currencySymbol\">Dhs<\/span><\/bdi><\/span><\/ins><span class=\"screen-reader-text\" data-no-translation=\"\" data-trp-gettext=\"\">Current price is: 50,00&nbsp;Dhs.<\/span><\/span>\n<\/a><a href=\"\/en\/wp-json\/wp\/v2\/pages\/1069?add-to-cart=1065\" aria-describedby=\"woocommerce_loop_add_to_cart_link_describedby_1065\" data-quantity=\"1\" class=\"button product_type_simple add_to_cart_button ajax_add_to_cart\" data-product_id=\"1065\" data-product_sku=\"\" aria-label=\"Add to cart: \u201cCatalogue SIAM \u00c9dition 2023\u201d\" rel=\"nofollow\" data-success_message=\"\u201cCatalogue SIAM \u00c9dition 2023\u201d has been added to your cart\" data-no-translation=\"\" data-trp-gettext=\"\" data-no-translation-aria-label=\"\" data-no-translation-data-success_message=\"\">Add to cart<\/a>\t<span id=\"woocommerce_loop_add_to_cart_link_describedby_1065\" class=\"screen-reader-text\">\n\t\t\t<\/span>\n<\/li>\n<\/ul>\n<\/div><\/p>\t\t\t\t\t\t\t\t<\/div>\n\t\t\t\t<\/div>\n\t\t\t\t<\/div>\n\t\t\t\t\t<\/div>\n\t\t\t\t<\/div>\n\t\t\t\t<\/div>","protected":false},"excerpt":{"rendered":"<p>Accueil salon Catalogue exposant Catalogue exposant Ces catalogues sont des ressources pr\u00e9cieuses pour d\u00e9couvrir les entreprises et innovations qui ont marqu\u00e9 les diff\u00e9rentes \u00e9ditions du salon.<\/p>","protected":false},"author":1,"featured_media":0,"parent":0,"menu_order":0,"comment_status":"closed","ping_status":"closed","template":"","meta":{"inline_featured_image":false,"_price":"","_stock":"","_tribe_ticket_header":"","_tribe_default_ticket_provider":"Tribe__Tickets_Plus__Commerce__WooCommerce__Main","_tribe_ticket_capacity":"0","_ticket_start_date":"","_ticket_end_date":"","_tribe_ticket_show_description":"","_tribe_ticket_show_not_going":false,"_tribe_ticket_use_global_stock":"","_tribe_ticket_global_stock_level":"","_global_stock_mode":"","_global_stock_cap":"","_tribe_rsvp_for_event":"","_tribe_ticket_going_count":"","_tribe_ticket_not_going_count":"","_tribe_tickets_list":"[]","_tribe_ticket_has_attendee_info_fields":false,"footnotes":"","_tec_slr_enabled":"","_tec_slr_layout":""},"class_list":["post-1069","page","type-page","status-publish","hentry"],"aioseo_notices":[],"jetpack_sharing_enabled":true,"ticketed":false,"_links":{"self":[{"href":"https:\/\/www.salon-agriculture.ma\/en\/wp-json\/wp\/v2\/pages\/1069","targetHints":{"allow":["GET"]}}],"collection":[{"href":"https:\/\/www.salon-agriculture.ma\/en\/wp-json\/wp\/v2\/pages"}],"about":[{"href":"https:\/\/www.salon-agriculture.ma\/en\/wp-json\/wp\/v2\/types\/page"}],"author":[{"embeddable":true,"href":"https:\/\/www.salon-agriculture.ma\/en\/wp-json\/wp\/v2\/users\/1"}],"replies":[{"embeddable":true,"href":"https:\/\/www.salon-agriculture.ma\/en\/wp-json\/wp\/v2\/comments?post=1069"}],"version-history":[{"count":53,"href":"https:\/\/www.salon-agriculture.ma\/en\/wp-json\/wp\/v2\/pages\/1069\/revisions"}],"predecessor-version":[{"id":16070,"href":"https:\/\/www.salon-agriculture.ma\/en\/wp-json\/wp\/v2\/pages\/1069\/revisions\/16070"}],"wp:attachment":[{"href":"https:\/\/www.salon-agriculture.ma\/en\/wp-json\/wp\/v2\/media?parent=1069"}],"curies":[{"name":"wp","href":"https:\/\/api.w.org\/{rel}","templated":true}]}}